{"id":4409,"date":"2021-12-12T09:18:31","date_gmt":"2021-12-12T02:18:31","guid":{"rendered":"https:\/\/kttpmt.ntt.edu.vn\/doanh-nghiep\/"},"modified":"2025-01-19T13:47:18","modified_gmt":"2025-01-19T06:47:18","slug":"corporate-relations","status":"publish","type":"page","link":"https:\/\/cntt.ntt.edu.vn\/en\/ket-noi\/corporate-relations\/","title":{"rendered":"Corporate Relations"},"content":{"rendered":"\t<section class=\"section pb-0\" id=\"section_1697527481\">\n\t\t<div class=\"bg section-bg fill bg-fill  \" >\n\n\t\t\t\n\t\t\t\n\t\t\t\n\n\t\t<\/div>\n\n\t\t<div class=\"section-content relative\">\n\t\t\t\n<div class=\"row row-small\"  id=\"row-1739651733\">\n\n\t<div id=\"col-1435485241\" class=\"col pb-0 mh-col-intro-title medium-12 small-12 large-12\"  >\n\t\t\t\t<div class=\"col-inner dark\"  >\n\t\t\t\n\t\t\t\n\t\t<\/div>\n\t\t\t\t\t<\/div>\n\n\t\n<\/div>\n\t\t<\/div>\n\n\t\t\n<style>\n#section_1697527481 {\n  padding-top: 0px;\n  padding-bottom: 0px;\n  margin-bottom: -2px;\n  min-height: 210px;\n}\n#section_1697527481 .section-bg.bg-loaded {\n  background-image: url(https:\/\/cntt.ntt.edu.vn\/wp-content\/uploads\/2025\/01\/19.jpg);\n}\n@media (min-width:550px) {\n  #section_1697527481 {\n    padding-top: 0px;\n    padding-bottom: 0px;\n  }\n}\n@media (min-width:850px) {\n  #section_1697527481 {\n    padding-top: 0px;\n    padding-bottom: 0px;\n  }\n}\n<\/style>\n\t<\/section>\n\t\n\t<section class=\"section pb-0\" id=\"section_1593479109\">\n\t\t<div class=\"bg section-bg fill bg-fill  bg-loaded\" >\n\n\t\t\t\n\t\t\t\n\t\t\t\n\n\t\t<\/div>\n\n\t\t<div class=\"section-content relative\">\n\t\t\t\n<div class=\"slider-wrapper relative\" id=\"slider-2121363781\" >\n    <div class=\"slider slider-nav-circle slider-nav-large slider-nav-light slider-style-normal\"\n        data-flickity-options='{\n            \"cellAlign\": \"center\",\n            \"imagesLoaded\": true,\n            \"lazyLoad\": 1,\n            \"freeScroll\": false,\n            \"wrapAround\": true,\n            \"autoPlay\": 6000,\n            \"pauseAutoPlayOnHover\" : true,\n            \"prevNextButtons\": true,\n            \"contain\" : true,\n            \"adaptiveHeight\" : true,\n            \"dragThreshold\" : 10,\n            \"percentPosition\": true,\n            \"pageDots\": true,\n            \"rightToLeft\": false,\n            \"draggable\": true,\n            \"selectedAttraction\": 0.1,\n            \"parallax\" : 0,\n            \"friction\": 0.6        }'\n        >\n        \n<div class=\"row align-middle\"  id=\"row-30810088\">\n\n\t<div id=\"col-1865606265\" class=\"col medium-6 small-12 large-6\"  >\n\t\t\t\t<div class=\"col-inner\"  >\n\t\t\t\n\t\t\t\n\t<div class=\"img has-hover x md-x lg-x y md-y lg-y\" id=\"image_1287449607\">\n\t\t\t\t\t\t\t\t<div class=\"img-inner dark\" >\n\t\t\t<img decoding=\"async\" width=\"251\" height=\"121\" src=\"https:\/\/cntt.ntt.edu.vn\/wp-content\/uploads\/2025\/01\/link-cntt-48460-1.jpg\" class=\"attachment-large size-large\" alt=\"\" \/>\t\t\t\t\t\t\n\t\t\t\t\t<\/div>\n\t\t\t\t\t\t\t\t\n<style>\n#image_1287449607 {\n  width: 67%;\n}\n<\/style>\n\t<\/div>\n\t\n\t\t<\/div>\n\t\t\t\t\t<\/div>\n\n\t\n\n\t<div id=\"col-1356421593\" class=\"col medium-6 small-12 large-6\"  >\n\t\t\t\t<div class=\"col-inner\"  >\n\t\t\t\n\t\t\t\n<h1>TMA Solutions<\/h1>\n<p>TMA Solutions &#8211; \u0111\u1ed1i t\u00e1c \u0111\u00e1ng tin c\u1eady c\u1ee7a b\u1ea1n,\u00a0<b>l\u00e0 m\u1ed9t trong nh\u1eefng c\u00f4ng ty gia c\u00f4ng ph\u1ea7n m\u1ec1m h\u00e0ng \u0111\u1ea7u Vi\u1ec7t Nam<\/b>. V\u1edbi nhi\u1ec1u n\u0103m kinh nghi\u1ec7m, ch\u00fang t\u00f4i cung c\u1ea5p d\u1ecbch v\u1ee5 gia c\u00f4ng CNTT ch\u1ea5t l\u01b0\u1ee3ng cao v\u00e0 c\u00e1c gi\u1ea3i ph\u00e1p ph\u1ea7n m\u1ec1m s\u00e1ng t\u1ea1o. \u0110\u1ed1i t\u00e1c v\u00e0ng c\u1ee7a Microsoft Technologies t\u1eeb n\u0103m 2007, Java, \u0110\u00e1m m\u00e2y, AI, IoT, v.v.<\/p>\n\t\t<\/div>\n\t\t\t\t\t<\/div>\n\n\t\n<\/div>\n<div class=\"row align-middle\"  id=\"row-926997816\">\n\n\t<div id=\"col-1958137363\" class=\"col medium-6 small-12 large-6\"  >\n\t\t\t\t<div class=\"col-inner\"  >\n\t\t\t\n\t\t\t\n\t<div class=\"img has-hover x md-x lg-x y md-y lg-y\" id=\"image_1372048421\">\n\t\t\t\t\t\t\t\t<div class=\"img-inner dark\" >\n\t\t\t<img decoding=\"async\" width=\"251\" height=\"121\" src=\"https:\/\/cntt.ntt.edu.vn\/wp-content\/uploads\/2025\/01\/link-cntt-54414-1.jpg\" class=\"attachment-large size-large\" alt=\"\" \/>\t\t\t\t\t\t\n\t\t\t\t\t<\/div>\n\t\t\t\t\t\t\t\t\n<style>\n#image_1372048421 {\n  width: 67%;\n}\n<\/style>\n\t<\/div>\n\t\n\t\t<\/div>\n\t\t\t\t\t<\/div>\n\n\t\n\n\t<div id=\"col-2067892536\" class=\"col medium-6 small-12 large-6\"  >\n\t\t\t\t<div class=\"col-inner\"  >\n\t\t\t\n\t\t\t\n<div class=\"elementor-element elementor-element-338ed99 elementor-widget elementor-widget-heading\" data-id=\"338ed99\" data-element_type=\"widget\" data-widget_type=\"heading.default\">\n<div class=\"elementor-widget-container\">\n<h3 class=\"elementor-heading-title elementor-size-default\"><i>\u201cH\u00e3y theo \u0111u\u1ed5i \u0111am m\u00ea, th\u00e0nh c\u00f4ng s\u1ebd theo \u0111u\u1ed5i b\u1ea1n\u201d<\/i><\/h3>\n<\/div>\n<\/div>\n<div class=\"elementor-element elementor-element-65cb2b1 elementor-widget elementor-widget-text-editor\" data-id=\"65cb2b1\" data-element_type=\"widget\" data-widget_type=\"text-editor.default\">\n<div class=\"elementor-widget-container\">\n<p>C\u00f3 m\u1eb7t t\u1ea1i Vi\u1ec7t Nam t\u1eeb n\u0103m 1999, APTECH l\u00e0 \u0111\u1ecba ch\u1ec9 h\u1ecdc t\u1eadp uy t\u00edn cho c\u00e1c b\u1ea1n tr\u1ebb Vi\u1ec7t Nam, trong \u0111\u00f3 ch\u1ee7 y\u1ebfu l\u00e0 sinh vi\u00ean v\u00e0 h\u1ecdc sinh trung h\u1ecdc ph\u1ed5 th\u00f4ng. \u0110\u1ebfn nay, T\u1eadp \u0111o\u00e0n APTECH \u0111\u00e3 \u0111\u00e0o t\u1ea1o \u0111\u01b0\u1ee3c h\u01a1n 100.000 L\u1eadp tr\u00ecnh vi\u00ean Qu\u1ed1c t\u1ebf cho ng\u00e0nh CNTT Vi\u1ec7t Nam.<\/p>\n<\/div>\n<\/div>\n\t\t<\/div>\n\t\t\t\t\t<\/div>\n\n\t\n<\/div>\n<div class=\"row align-middle\"  id=\"row-23463606\">\n\n\t<div id=\"col-1697582023\" class=\"col medium-6 small-12 large-6\"  >\n\t\t\t\t<div class=\"col-inner\"  >\n\t\t\t\n\t\t\t\n\t<div class=\"img has-hover x md-x lg-x y md-y lg-y\" id=\"image_851048943\">\n\t\t\t\t\t\t\t\t<div class=\"img-inner dark\" >\n\t\t\t<img decoding=\"async\" width=\"251\" height=\"121\" src=\"https:\/\/cntt.ntt.edu.vn\/wp-content\/uploads\/2025\/01\/link-cntt-71077-1.jpg\" class=\"attachment-large size-large\" alt=\"\" \/>\t\t\t\t\t\t\n\t\t\t\t\t<\/div>\n\t\t\t\t\t\t\t\t\n<style>\n#image_851048943 {\n  width: 67%;\n}\n<\/style>\n\t<\/div>\n\t\n\t\t<\/div>\n\t\t\t\t\t<\/div>\n\n\t\n\n\t<div id=\"col-1270569452\" class=\"col medium-6 small-12 large-6\"  >\n\t\t\t\t<div class=\"col-inner\"  >\n\t\t\t\n\t\t\t\n<h1><strong>C\u00f4ng ty TNHH Ph\u1ea7n m\u1ec1m FPT<\/strong><\/h1>\n<p><b>FPT Software Company Limited<\/b>\u00a0(<a title=\"Vietnamese language\" href=\"https:\/\/en.wikipedia.org\/wiki\/Vietnamese_language\">Vietnamese<\/a>:\u00a0<i lang=\"vi\">C\u00f4ng ty Tr\u00e1ch nhi\u1ec7m H\u1eefu h\u1ea1n Ph\u1ea7n m\u1ec1m FPT<\/i>), also known simply as\u00a0<b>Fsoft<\/b>\u00a0is a global IT services provider headquartered in\u00a0<a title=\"Hanoi\" href=\"https:\/\/en.wikipedia.org\/wiki\/Hanoi\">Hanoi<\/a>,\u00a0<a title=\"Vietnam\" href=\"https:\/\/en.wikipedia.org\/wiki\/Vietnam\">Vietnam<\/a>, being the core subsidiary of the\u00a0<a title=\"FPT Corporation\" href=\"https:\/\/en.wikipedia.org\/wiki\/FPT_Corporation\">FPT Corporation<\/a>. It is considered one of the biggest software services companies in Vietnam, with US$1.87 billion in revenue (FY2022) and more than 48,000 core employees.<\/p>\n\t\t<\/div>\n\t\t\t\t\t<\/div>\n\n\t\n<\/div>\n<div class=\"row align-middle\"  id=\"row-2052251770\">\n\n\t<div id=\"col-842513892\" class=\"col medium-6 small-12 large-6\"  >\n\t\t\t\t<div class=\"col-inner\"  >\n\t\t\t\n\t\t\t\n\t<div class=\"img has-hover x md-x lg-x y md-y lg-y\" id=\"image_763419397\">\n\t\t\t\t\t\t\t\t<div class=\"img-inner dark\" >\n\t\t\t<img decoding=\"async\" width=\"251\" height=\"121\" src=\"https:\/\/cntt.ntt.edu.vn\/wp-content\/uploads\/2025\/01\/link-cntt-93149-1.jpg\" class=\"attachment-large size-large\" alt=\"\" \/>\t\t\t\t\t\t\n\t\t\t\t\t<\/div>\n\t\t\t\t\t\t\t\t\n<style>\n#image_763419397 {\n  width: 67%;\n}\n<\/style>\n\t<\/div>\n\t\n\t\t<\/div>\n\t\t\t\t\t<\/div>\n\n\t\n\n\t<div id=\"col-978000505\" class=\"col medium-6 small-12 large-6\"  >\n\t\t\t\t<div class=\"col-inner\"  >\n\t\t\t\n\t\t\t\n<h1>C\u00f4ng ty c\u1ed5 ph\u1ea7n CMC Global<\/h1>\n<p>V\u1edbi kh\u00e1t khao v\u00e0 \u0111am m\u00ea, CMC Global \u0111\u1ecbnh h\u01b0\u1edbng tr\u1edf th\u00e0nh c\u00f4ng ty d\u1ecbch v\u1ee5 IT h\u00e0ng \u0111\u1ea7u t\u1ea1i Vi\u1ec7t Nam, top 10 trong khu v\u1ef1c v\u00e0 l\u00e0 \u0111\u01a1n v\u1ecb \u0111\u1ee9ng \u0111\u1ea7u v\u1ec1 n\u0103ng l\u1ef1c tri\u1ec3n khai c\u00e1c gi\u1ea3i ph\u00e1p c\u00f4ng ngh\u1ec7 m\u1edbi nh\u01b0 AI, Cloud v\u00e0 chuy\u1ec3n \u0111\u1ed5i s\u1ed1.H\u1ed7 tr\u1ee3 SV th\u1ef1c h\u00e0nh, th\u1ef1c t\u1eadp v\u00e0 c\u01a1 h\u1ed9i vi\u1ec7c l\u00e0m.\u0110\u00e0o t\u1ea1o, nghi\u00ean c\u1ee9u khoa h\u1ecdc, ph\u00e1t tri\u1ec3n s\u1ea3n ph\u1ea9m, chuy\u1ec3n giao c\u00f4ng ngh\u1ec7 v\u00e0 ph\u00e1t tri\u1ec3n th\u01b0\u01a1ng hi\u1ec7u.Ng\u00e0y k\u00fd k\u1ebft: 16\/9\/2020Website: https:\/\/warrantek.vn\/<\/p>\n\t\t<\/div>\n\t\t\t\t\t<\/div>\n\n\t\n<\/div>\n     <\/div>\n\n     <div class=\"loading-spin dark large centered\"><\/div>\n\n     \t<\/div>\n\n\n\t<div id=\"gap-370363611\" class=\"gap-element clearfix\" style=\"display:block; height:auto;\">\n\t\t\n<style>\n#gap-370363611 {\n  padding-top: 110px;\n}\n@media (min-width:550px) {\n  #gap-370363611 {\n    padding-top: 120px;\n  }\n}\n@media (min-width:850px) {\n  #gap-370363611 {\n    padding-top: 80px;\n  }\n}\n<\/style>\n\t<\/div>\n\t\n\t\t<\/div>\n\n\t\t\n<style>\n#section_1593479109 {\n  padding-top: 40px;\n  padding-bottom: 40px;\n}\n@media (min-width:550px) {\n  #section_1593479109 {\n    padding-top: 50px;\n    padding-bottom: 50px;\n  }\n}\n@media (min-width:850px) {\n  #section_1593479109 {\n    padding-top: 70px;\n    padding-bottom: 70px;\n  }\n}\n<\/style>\n\t<\/section>\n\t\n","protected":false},"excerpt":{"rendered":"","protected":false},"author":20,"featured_media":0,"parent":10823,"menu_order":37,"comment_status":"closed","ping_status":"closed","template":"page-blank.php","meta":{"footnotes":""},"class_list":["post-4409","page","type-page","status-publish","hentry"],"_links":{"self":[{"href":"https:\/\/cntt.ntt.edu.vn\/en\/wp-json\/wp\/v2\/pages\/4409","targetHints":{"allow":["GET"]}}],"collection":[{"href":"https:\/\/cntt.ntt.edu.vn\/en\/wp-json\/wp\/v2\/pages"}],"about":[{"href":"https:\/\/cntt.ntt.edu.vn\/en\/wp-json\/wp\/v2\/types\/page"}],"author":[{"embeddable":true,"href":"https:\/\/cntt.ntt.edu.vn\/en\/wp-json\/wp\/v2\/users\/20"}],"replies":[{"embeddable":true,"href":"https:\/\/cntt.ntt.edu.vn\/en\/wp-json\/wp\/v2\/comments?post=4409"}],"version-history":[{"count":3,"href":"https:\/\/cntt.ntt.edu.vn\/en\/wp-json\/wp\/v2\/pages\/4409\/revisions"}],"predecessor-version":[{"id":12903,"href":"https:\/\/cntt.ntt.edu.vn\/en\/wp-json\/wp\/v2\/pages\/4409\/revisions\/12903"}],"up":[{"embeddable":true,"href":"https:\/\/cntt.ntt.edu.vn\/en\/wp-json\/wp\/v2\/pages\/10823"}],"wp:attachment":[{"href":"https:\/\/cntt.ntt.edu.vn\/en\/wp-json\/wp\/v2\/media?parent=4409"}],"curies":[{"name":"wp","href":"https:\/\/api.w.org\/{rel}","templated":true}]}}