{"id":2063,"date":"2021-07-11T22:18:27","date_gmt":"2021-07-11T15:18:27","guid":{"rendered":"https:\/\/kttpmt.ntt.edu.vn\/?page_id=2063"},"modified":"2025-01-18T17:39:11","modified_gmt":"2025-01-18T10:39:11","slug":"tuyen-sinh","status":"publish","type":"page","link":"https:\/\/cntt.ntt.edu.vn\/en\/tuyen-sinh\/","title":{"rendered":"Admission"},"content":{"rendered":"<div class=\"row row-full-width\"  id=\"row-701975263\">\n\n\t<div id=\"col-159591655\" class=\"col small-12 large-12\"  >\n\t\t\t\t<div class=\"col-inner text-center\"  >\n\t\t\t\n\t\t\t\n<div class=\"slider-wrapper relative\" id=\"slider-1867190418\" >\n    <div class=\"slider slider-nav-circle slider-nav-large slider-nav-light slider-style-normal\"\n        data-flickity-options='{\n            \"cellAlign\": \"center\",\n            \"imagesLoaded\": true,\n            \"lazyLoad\": 1,\n            \"freeScroll\": false,\n            \"wrapAround\": true,\n            \"autoPlay\": 4000,\n            \"pauseAutoPlayOnHover\" : true,\n            \"prevNextButtons\": true,\n            \"contain\" : true,\n            \"adaptiveHeight\" : true,\n            \"dragThreshold\" : 10,\n            \"percentPosition\": true,\n            \"pageDots\": true,\n            \"rightToLeft\": false,\n            \"draggable\": true,\n            \"selectedAttraction\": 0.1,\n            \"parallax\" : 0,\n            \"friction\": 0.6        }'\n        >\n        \n[wbc_image id=&#8221;10713&#8243; image_size=&#8221;large&#8221;]\n[wbc_image id=&#8221;8482&#8243; image_size=&#8221;large&#8221; link=&#8221;https:\/\/ntt.edu.vn\/truong-dh-nguyen-tat-thanh-xet-tuyen-nguyen-vong-bo-sung-52-chuong-trinh-dao-tao-den-17g-ngay-10-9-2023\/&#8221; target=&#8221;_blank&#8221;]\n     <\/div>\n\n     <div class=\"loading-spin dark large centered\"><\/div>\n\n     \t<\/div>\n\n\n\t\t<\/div>\n\t\t\t\t\t<\/div>\n\n\t\n<\/div>\n<div class=\"row\"  id=\"row-170812114\">\n\n\t<div id=\"col-825778505\" class=\"col small-12 large-12\"  >\n\t\t\t\t<div class=\"col-inner\"  >\n\t\t\t\n\t\t\t\n\n\t\t<div class=\"tabbed-content\">\n\t\t\t\n\t\t\t<ul class=\"nav nav-outline nav-uppercase nav-size-xlarge nav-center\"><li class=\"tab active has-icon\"><a href=\"#tab_th\u00f4ng-tin-chung\"><span>Th\u00f4ng tin chung<\/span><\/a><\/li><\/ul><div class=\"tab-panels\"><div class=\"panel active entry-content\" id=\"tab_th\u00f4ng-tin-chung\">\n<div class=\"row\"  id=\"row-1212733708\">\n\n\t<div id=\"col-378966360\" class=\"col medium-6 small-12 large-6\"  >\n\t\t\t\t<div class=\"col-inner\"  >\n\t\t\t\n\t\t\t\n\t<div class=\"img has-hover x md-x lg-x y md-y lg-y\" id=\"image_1960803214\">\n\t\t\t\t\t\t\t\t<div class=\"img-inner dark\" >\n\t\t\t<img loading=\"lazy\" decoding=\"async\" width=\"699\" height=\"537\" src=\"https:\/\/cntt.ntt.edu.vn\/wp-content\/uploads\/2025\/01\/ts-1.png\" class=\"attachment-original size-original\" alt=\"\" srcset=\"https:\/\/cntt.ntt.edu.vn\/wp-content\/uploads\/2025\/01\/ts-1.png 699w, https:\/\/cntt.ntt.edu.vn\/wp-content\/uploads\/2025\/01\/ts-1-456x350.png 456w\" sizes=\"auto, (max-width: 699px) 100vw, 699px\" \/>\t\t\t\t\t\t\n\t\t\t\t\t<\/div>\n\t\t\t\t\t\t\t\t\n<style>\n#image_1960803214 {\n  width: 100%;\n}\n<\/style>\n\t<\/div>\n\t\n<p><span data-text-color=\"alert\"><strong>T\u1ed4 H\u1ee2P M\u00d4N X\u00c9T TUY\u1ec2N\u00a0<\/strong><\/span><\/p>\n<ul>\n<li class=\"bullet-arrow\">\n<div>T\u1ed5 h\u1ee3p 1 (A00) To\u00e1n-V\u1eadt l\u00ed-H\u00f3a h\u1ecdc<\/div>\n<\/li>\n<li class=\"bullet-arrow\">\n<div>T\u1ed5 h\u1ee3p 2 (A01) To\u00e1n-V\u1eadt l\u00ed-Ti\u1ebfng Anh<\/div>\n<\/li>\n<li class=\"bullet-arrow\">\n<div>T\u1ed5 h\u1ee3p 3 (D01) Ng\u1eef v\u0103n-To\u00e1n-Ti\u1ebfng Anh<\/div>\n<\/li>\n<li class=\"bullet-arrow\">\n<div>T\u1ed5 h\u1ee3p 4 (QG) \u0110i\u1ec3m thi \u0110GNL \u0110HQG<\/div>\n<\/li>\n<li class=\"bullet-arrow\">\n<div>T\u1ed5 h\u1ee3p 5 (X01) X01: To\u00e1n, Ng\u01b0\u0303 v\u0103n, Tin h\u1ecdc<\/div>\n<\/li>\n<\/ul>\n\t\t<\/div>\n\t\t\t\t\t<\/div>\n\n\t\n\n\t<div id=\"col-789016275\" class=\"col medium-6 small-12 large-6\"  >\n\t\t\t\t<div class=\"col-inner\"  >\n\t\t\t\n\t\t\t\n<div class=\"row\"  id=\"row-1178811355\">\n\n\t<div id=\"col-1505061002\" class=\"col small-12 large-12\"  >\n\t\t\t\t<div class=\"col-inner\"  >\n\t\t\t\n\t\t\t\n\t\t<\/div>\n\t\t\t\t\t<\/div>\n\n\t\n<\/div>\n<p><span style=\"color: #ff0000;\" data-text-color=\"secondary\"><strong>PH\u01af\u01a0NG TH\u1ee8C TUY\u1ec2N SINH 2025<\/strong><\/span><\/p>\n<ul>\n<li class=\"bullet-arrow\"><strong>Ph\u01b0\u01a1ng th\u1ee9c 1:<\/strong>\u00a0X\u00e9t tuy\u1ec3n d\u1ef1a v\u00e0o k\u1ef3 thi t\u1ed1t nghi\u1ec7p THPT\n<p><strong>Ph\u01b0\u01a1ng th\u1ee9c 2:<\/strong>\u00a0X\u00e9t h\u1ecdc b\u1ea1<\/p>\n<p><strong>Ph\u01b0\u01a1ng th\u1ee9c 3:<\/strong>\u00a0X\u00e9t \u0111i\u1ec3m c\u00e1c k\u1ef3 thi \u0111\u00e1nh gi\u00e1 n\u0103ng l\u1ef1c c\u1ee7a \u0110H Qu\u1ed1c gia TP.HCM, \u0110H Qu\u1ed1c gia\u00a0H\u00e0 N\u1ed9i\u00a0v\u00e0 k\u1ef3 thi \u0111\u00e1nh gi\u00e1 n\u0103ng l\u1ef1c chuy\u00ean bi\u1ec7t Tr\u01b0\u1eddng \u0110H S\u01b0 ph\u1ea1m TP.HCM<\/p>\n<p><strong>Ph\u01b0\u01a1ng th\u1ee9c 4:<\/strong>\u00a0 X\u00e9t tuy\u1ec3n th\u1eb3ng.<\/p>\n<p>Tr\u01b0\u1eddng \u0111\u00e3 d\u1ef1 ki\u1ebfn ph\u01b0\u01a1ng \u00e1n n\u00e0y v\u00e0 s\u1ebd c\u00f4ng b\u1ed1 khi B\u1ed9 GD-\u0110T ban h\u00e0nh quy ch\u1ebf tuy\u1ec3n sinh ch\u00ednh th\u1ee9c. Ri\u00eang v\u1ec1 \u0111\u1ecbnh h\u01b0\u1edbng x\u00e2y d\u1ef1ng t\u1ed5 h\u1ee3p m\u00f4n x\u00e9t tuy\u1ec3n, th\u1ea1c s\u0129 Tr\u1ecb chia s\u1ebb: &#8220;Tr\u01b0\u1eddng s\u1ebd c\u00e2n \u0111\u1ed1i t\u1ed5 h\u1ee3p m\u00f4n x\u00e9t tuy\u1ec3n \u0111\u1ec3 TS c\u00f3 s\u1ef1 l\u1ef1a ch\u1ecdn t\u1ed1t nh\u1ea5t, nh\u01b0ng c\u01a1 b\u1ea3n gi\u1eef \u1ed5n \u0111\u1ecbnh so v\u1edbi n\u0103m tr\u01b0\u1edbc&#8221;.<\/p>\n<p>\u0110\u1ec1 \u00e1n tuy\u1ec3n sinh n\u0103m 2025 chi ti\u1ebft c\u1ee7a \u0110H Nguy\u1ec5n T\u1ea5t Th\u00e0nh s\u1ebd \u0111\u01b0\u1ee3c c\u00f4ng b\u1ed1 sau. C\u00e1c em tham kh\u1ea3o chi ti\u1ebft \u0111\u1ec1 \u00e1n n\u0103m 2024 c\u1ee7a \u0110H Nguy\u1ec5n T\u1ea5t Th\u00e0nh ph\u00eda d\u01b0\u1edbi.<\/li>\n<\/ul>\n\t\t<\/div>\n\t\t\t\t\t<\/div>\n\n\t\n\n<style>\n#row-1212733708 > .col > .col-inner {\n  padding: 0px 0px 5px 0px;\n}\n<\/style>\n<\/div>\n<div class=\"row\"  id=\"row-1502258145\">\n\n\t<div id=\"col-401392456\" class=\"col small-12 large-12\"  >\n\t\t\t\t<div class=\"col-inner\"  >\n\t\t\t\n\t\t\t\n\n  \n    <div class=\"row large-columns-3 medium-columns- small-columns-1\">\n  <\/div>\n\t\t<\/div>\n\t\t\t\t\t<\/div>\n\n\t\n<\/div>\n<\/div><\/div><\/div>\n\t\t<\/div>\n\t\t\t\t\t<\/div>\n\n\t\n<\/div>\n","protected":false},"excerpt":{"rendered":"","protected":false},"author":7,"featured_media":0,"parent":0,"menu_order":40,"comment_status":"closed","ping_status":"closed","template":"page-blank.php","meta":{"footnotes":""},"class_list":["post-2063","page","type-page","status-publish","hentry"],"_links":{"self":[{"href":"https:\/\/cntt.ntt.edu.vn\/en\/wp-json\/wp\/v2\/pages\/2063","targetHints":{"allow":["GET"]}}],"collection":[{"href":"https:\/\/cntt.ntt.edu.vn\/en\/wp-json\/wp\/v2\/pages"}],"about":[{"href":"https:\/\/cntt.ntt.edu.vn\/en\/wp-json\/wp\/v2\/types\/page"}],"author":[{"embeddable":true,"href":"https:\/\/cntt.ntt.edu.vn\/en\/wp-json\/wp\/v2\/users\/7"}],"replies":[{"embeddable":true,"href":"https:\/\/cntt.ntt.edu.vn\/en\/wp-json\/wp\/v2\/comments?post=2063"}],"version-history":[{"count":2,"href":"https:\/\/cntt.ntt.edu.vn\/en\/wp-json\/wp\/v2\/pages\/2063\/revisions"}],"predecessor-version":[{"id":12900,"href":"https:\/\/cntt.ntt.edu.vn\/en\/wp-json\/wp\/v2\/pages\/2063\/revisions\/12900"}],"wp:attachment":[{"href":"https:\/\/cntt.ntt.edu.vn\/en\/wp-json\/wp\/v2\/media?parent=2063"}],"curies":[{"name":"wp","href":"https:\/\/api.w.org\/{rel}","templated":true}]}}