{"id":2061,"date":"2021-08-26T19:39:58","date_gmt":"2021-08-26T12:39:58","guid":{"rendered":"https:\/\/kttpmt.ntt.edu.vn\/?page_id=2061"},"modified":"2025-01-19T17:23:39","modified_gmt":"2025-01-19T10:23:39","slug":"academic-program","status":"publish","type":"page","link":"https:\/\/cntt.ntt.edu.vn\/en\/academic-program\/","title":{"rendered":"Academic programs"},"content":{"rendered":"\t<section class=\"section\" id=\"section_1605898233\">\n\t\t<div class=\"bg section-bg fill bg-fill  bg-loaded\" >\n\n\t\t\t\n\t\t\t\n\t\t\t\n\t<div class=\"is-border\"\n\t\tstyle=\"border-color:rgb(235, 235, 235);border-width:1px 0px 0px 0px;\">\n\t<\/div>\n\n\t\t<\/div>\n\n\t\t<div class=\"section-content relative\">\n\t\t\t\n<div class=\"row row-large align-middle align-center\"  id=\"row-140843104\">\n\n\t<div id=\"col-302494765\" class=\"col medium-6 small-12 large-6\"  >\n\t\t\t\t<div class=\"col-inner box-shadow-2 box-shadow-5-hover dark\" style=\"background-color:#ca0109;\" >\n\t\t\t\n\t\t\t\n<h1 class=\"uppercase\"><a href=\"https:\/\/cntt.ntt.edu.vn\/dao-tao\/thac-si\/\"><strong>CH\u01af\u01a0NG TR\u00ccNH \u0110\u00c0O T\u1ea0O TI\u1ebeN S\u0128<\/strong><\/a><\/h1>\n<h3 class=\"thin-font\">Ng\u00e0nh C\u00d4NG NGH\u1ec6 TH\u00d4NG TIN<\/h3>\n<h5 style=\"text-align: right;\"><a href=\"https:\/\/cntt.ntt.edu.vn\/dao-tao\/tien-si\/\">Xem th\u00eam &gt;&gt;<\/a><\/h5>\n\t\t<\/div>\n\t\t\t\t\n<style>\n#col-302494765 > .col-inner {\n  padding: 15px 15px 15px 14px;\n}\n<\/style>\n\t<\/div>\n\n\t\n\n\t<div id=\"col-211570199\" class=\"col medium-6 small-12 large-6\"  >\n\t\t\t\t<div class=\"col-inner text-center\"  >\n\t\t\t\n\t\t\t\n\t<div class=\"img has-hover x md-x lg-x y md-y lg-y\" id=\"image_1746347096\">\n\t\t<a class=\"\" href=\"https:\/\/cntt.ntt.edu.vn\/dao-tao\/tien-si\/\"  >\t\t\t\t\t\t<div class=\"img-inner image-cover dark\" style=\"padding-top:250px;\">\n\t\t\t<img loading=\"lazy\" decoding=\"async\" width=\"1105\" height=\"432\" src=\"https:\/\/cntt.ntt.edu.vn\/wp-content\/uploads\/2025\/01\/tisi.jpg\" class=\"attachment-large size-large\" alt=\"\" srcset=\"https:\/\/cntt.ntt.edu.vn\/wp-content\/uploads\/2025\/01\/tisi.jpg 1105w, https:\/\/cntt.ntt.edu.vn\/wp-content\/uploads\/2025\/01\/tisi-500x195.jpg 500w, https:\/\/cntt.ntt.edu.vn\/wp-content\/uploads\/2025\/01\/tisi-768x300.jpg 768w\" sizes=\"auto, (max-width: 1105px) 100vw, 1105px\" \/>\t\t\t\t\t\t\n\t\t\t\t\t<\/div>\n\t\t\t\t\t\t<\/a>\t\t\n<style>\n#image_1746347096 {\n  width: 100%;\n}\n<\/style>\n\t<\/div>\n\t\n\t\t<\/div>\n\t\t\t\t\t<\/div>\n\n\t\n<\/div>\n<div class=\"row row-large align-middle align-center\"  id=\"row-518583349\">\n\n\t<div id=\"col-360636837\" class=\"col medium-6 small-12 large-6\"  >\n\t\t\t\t<div class=\"col-inner box-shadow-2 box-shadow-5-hover dark\" style=\"background-color:rgb(126, 29, 3);\" >\n\t\t\t\n\t\t\t\n<h1 class=\"uppercase\"><a href=\"https:\/\/cntt.ntt.edu.vn\/dao-tao\/thac-si\/\"><strong>CH\u01af\u01a0NG TR\u00ccNH \u0110\u00c0O T\u1ea0O TH\u1ea0C S\u0128<\/strong><\/a><\/h1>\n<h3 class=\"thin-font\">Ng\u00e0nh C\u00d4NG NGH\u1ec6 TH\u00d4NG TIN<\/h3>\n<h5 style=\"text-align: right;\"><a href=\"https:\/\/cntt.ntt.edu.vn\/dao-tao\/thac-si\/\">Xem th\u00eam &gt;&gt;<\/a><\/h5>\n\t\t<\/div>\n\t\t\t\t\n<style>\n#col-360636837 > .col-inner {\n  padding: 15px 15px 15px 15px;\n}\n<\/style>\n\t<\/div>\n\n\t\n\n\t<div id=\"col-905542191\" class=\"col medium-6 small-12 large-6\"  >\n\t\t\t\t<div class=\"col-inner text-center\"  >\n\t\t\t\n\t\t\t\n\t<div class=\"img has-hover x md-x lg-x y md-y lg-y\" id=\"image_1586685850\">\n\t\t<a class=\"\" href=\"https:\/\/cntt.ntt.edu.vn\/dao-tao\/thac-si\/\"  >\t\t\t\t\t\t<div class=\"img-inner image-cover dark\" style=\"padding-top:250px;\">\n\t\t\t<img loading=\"lazy\" decoding=\"async\" width=\"2048\" height=\"520\" src=\"https:\/\/cntt.ntt.edu.vn\/wp-content\/uploads\/2025\/01\/thacsi.jpg\" class=\"attachment-large size-large\" alt=\"\" srcset=\"https:\/\/cntt.ntt.edu.vn\/wp-content\/uploads\/2025\/01\/thacsi.jpg 2048w, https:\/\/cntt.ntt.edu.vn\/wp-content\/uploads\/2025\/01\/thacsi-500x127.jpg 500w, https:\/\/cntt.ntt.edu.vn\/wp-content\/uploads\/2025\/01\/thacsi-768x195.jpg 768w, https:\/\/cntt.ntt.edu.vn\/wp-content\/uploads\/2025\/01\/thacsi-1536x390.jpg 1536w\" sizes=\"auto, (max-width: 2048px) 100vw, 2048px\" \/>\t\t\t\t\t\t\n\t\t\t\t\t<\/div>\n\t\t\t\t\t\t<\/a>\t\t\n<style>\n#image_1586685850 {\n  width: 100%;\n}\n<\/style>\n\t<\/div>\n\t\n\t\t<\/div>\n\t\t\t\t\t<\/div>\n\n\t\n<\/div>\n<div class=\"row row-large align-middle align-center\"  id=\"row-1704520746\">\n\n\t<div id=\"col-540443684\" class=\"col medium-6 small-12 large-6\"  >\n\t\t\t\t<div class=\"col-inner box-shadow-2 box-shadow-5-hover dark\" style=\"background-color:#00529c;\" >\n\t\t\t\n\t\t\t\n<h1 class=\"uppercase\"><a href=\"https:\/\/cntt.ntt.edu.vn\/dao-tao\/dai-hoc\/\"><strong>CH\u01af\u01a0NG TR\u00ccNH \u0110\u00c0O T\u1ea0O \u0110\u1ea0I H\u1eccC<\/strong><\/a><\/h1>\n<h3 class=\"thin-font\">Ng\u00e0nh C\u00d4NG NGH\u1ec6 TH\u00d4NG TIN<\/h3>\n<h5 style=\"text-align: right;\"><a href=\"https:\/\/cntt.ntt.edu.vn\/dao-tao\/dai-hoc\/\">Xem th\u00eam &gt;&gt;<\/a><\/h5>\n\t\t<\/div>\n\t\t\t\t\n<style>\n#col-540443684 > .col-inner {\n  padding: 15px 15px 15px 15px;\n}\n<\/style>\n\t<\/div>\n\n\t\n\n\t<div id=\"col-645093205\" class=\"col medium-6 small-12 large-6\"  >\n\t\t\t\t<div class=\"col-inner text-center\"  >\n\t\t\t\n\t\t\t\n\t<div class=\"img has-hover x md-x lg-x y md-y lg-y\" id=\"image_97400243\">\n\t\t<a class=\"\" href=\"https:\/\/cntt.ntt.edu.vn\/dao-tao\/dai-hoc\/\"  >\t\t\t\t\t\t<div class=\"img-inner image-cover dark\" style=\"padding-top:259px;\">\n\t\t\t<img loading=\"lazy\" decoding=\"async\" width=\"768\" height=\"512\" src=\"https:\/\/cntt.ntt.edu.vn\/wp-content\/uploads\/2025\/01\/IMG_2245-768x512-1.jpg\" class=\"attachment-large size-large\" alt=\"\" srcset=\"https:\/\/cntt.ntt.edu.vn\/wp-content\/uploads\/2025\/01\/IMG_2245-768x512-1.jpg 768w, https:\/\/cntt.ntt.edu.vn\/wp-content\/uploads\/2025\/01\/IMG_2245-768x512-1-500x333.jpg 500w\" sizes=\"auto, (max-width: 768px) 100vw, 768px\" \/>\t\t\t\t\t\t\n\t\t\t\t\t<\/div>\n\t\t\t\t\t\t<\/a>\t\t\n<style>\n#image_97400243 {\n  width: 100%;\n}\n<\/style>\n\t<\/div>\n\t\n\t\t<\/div>\n\t\t\t\t\t<\/div>\n\n\t\n<\/div>\n\t\t<\/div>\n\n\t\t\n<style>\n#section_1605898233 {\n  padding-top: 59px;\n  padding-bottom: 59px;\n  min-height: 300px;\n  background-color: rgb(240, 240, 240);\n}\n<\/style>\n\t<\/section>\n\t\n","protected":false},"excerpt":{"rendered":"","protected":false},"author":20,"featured_media":0,"parent":0,"menu_order":35,"comment_status":"closed","ping_status":"closed","template":"page-blank.php","meta":{"footnotes":""},"class_list":["post-2061","page","type-page","status-publish","hentry"],"_links":{"self":[{"href":"https:\/\/cntt.ntt.edu.vn\/en\/wp-json\/wp\/v2\/pages\/2061","targetHints":{"allow":["GET"]}}],"collection":[{"href":"https:\/\/cntt.ntt.edu.vn\/en\/wp-json\/wp\/v2\/pages"}],"about":[{"href":"https:\/\/cntt.ntt.edu.vn\/en\/wp-json\/wp\/v2\/types\/page"}],"author":[{"embeddable":true,"href":"https:\/\/cntt.ntt.edu.vn\/en\/wp-json\/wp\/v2\/users\/20"}],"replies":[{"embeddable":true,"href":"https:\/\/cntt.ntt.edu.vn\/en\/wp-json\/wp\/v2\/comments?post=2061"}],"version-history":[{"count":12,"href":"https:\/\/cntt.ntt.edu.vn\/en\/wp-json\/wp\/v2\/pages\/2061\/revisions"}],"predecessor-version":[{"id":12920,"href":"https:\/\/cntt.ntt.edu.vn\/en\/wp-json\/wp\/v2\/pages\/2061\/revisions\/12920"}],"wp:attachment":[{"href":"https:\/\/cntt.ntt.edu.vn\/en\/wp-json\/wp\/v2\/media?parent=2061"}],"curies":[{"name":"wp","href":"https:\/\/api.w.org\/{rel}","templated":true}]}}