{"id":12796,"date":"2025-01-07T09:17:00","date_gmt":"2025-01-07T02:17:00","guid":{"rendered":"https:\/\/cntt.ntt.edu.vn\/academic-program\/tien-si\/"},"modified":"2025-01-07T09:17:00","modified_gmt":"2025-01-07T02:17:00","slug":"tien-si","status":"publish","type":"page","link":"https:\/\/cntt.ntt.edu.vn\/en\/academic-program\/tien-si\/","title":{"rendered":"Ti\u1ebfn s\u0129"},"content":{"rendered":"\t<div class=\"img has-hover x md-x lg-x y md-y lg-y\" id=\"image_688803584\">\n\t\t\t\t\t\t\t\t<div class=\"img-inner image-cover dark\" style=\"padding-top:260px;\">\n\t\t\t<img loading=\"lazy\" decoding=\"async\" width=\"1105\" height=\"284\" src=\"https:\/\/cntt.ntt.edu.vn\/wp-content\/uploads\/2025\/01\/tisi-1.jpg\" class=\"attachment-large size-large\" alt=\"\" srcset=\"https:\/\/cntt.ntt.edu.vn\/wp-content\/uploads\/2025\/01\/tisi-1.jpg 1105w, https:\/\/cntt.ntt.edu.vn\/wp-content\/uploads\/2025\/01\/tisi-1-500x129.jpg 500w, https:\/\/cntt.ntt.edu.vn\/wp-content\/uploads\/2025\/01\/tisi-1-768x197.jpg 768w\" sizes=\"auto, (max-width: 1105px) 100vw, 1105px\" \/>\t\t\t\t\t\t\n\t\t\t\t\t<\/div>\n\t\t\t\t\t\t\t\t\n<style>\n#image_688803584 {\n  width: 100%;\n}\n<\/style>\n\t<\/div>\n\t\n<div class=\"row\"  id=\"row-1143904020\">\n\n\t<div id=\"col-1985816900\" class=\"col small-12 large-12\"  >\n\t\t\t\t<div class=\"col-inner\"  >\n\t\t\t\n\t\t\t\n\t<div id=\"gap-1559849203\" class=\"gap-element clearfix\" style=\"display:block; height:auto;\">\n\t\t\n<style>\n#gap-1559849203 {\n  padding-top: 62px;\n}\n<\/style>\n\t<\/div>\n\t\n<div class=\"majors_banner_content\">\n<div class=\"majors_banner_boxtxt\">\n<div class=\"txt\" style=\"text-align: left;\">\n<h1 class=\"uppercase\"><strong>TI\u1ebeN S\u0128 C\u00d4NG NGH\u1ec6 TH\u00d4NG TIN<\/strong><\/h1>\n<ul>\n<li style=\"font-weight: 400;\" aria-level=\"1\"><span style=\"font-weight: 400;\">T\u00ean ti\u1ebfng Anh: <strong>Doctor of Philosophy in information technology<\/strong><\/span><\/li>\n<li aria-level=\"1\"><span style=\"font-weight: 400;\">T\u00ean ti\u1ebfng Vi\u1ec7t: <strong>Ti\u1ebfn s\u0129 C\u00f4ng ngh\u1ec7 th\u00f4ng tin.<\/strong><\/span><\/li>\n<li aria-level=\"1\">M\u00e3 ng\u00e0nh:<b> 9480201<\/b><\/li>\n<li style=\"font-weight: 400;\" aria-level=\"1\"><span style=\"font-weight: 400;\">Tr\u00ecnh \u0111\u1ed9 \u0111\u00e0o t\u1ea1o: Ti\u1ebfn s\u0129 \u2013 B\u1eadc 8<\/span><\/li>\n<li style=\"font-weight: 400;\" aria-level=\"1\"><span style=\"font-weight: 400;\">Kh\u00f3a h\u1ecdc \u00e1p d\u1ee5ng: 2022<\/span><\/li>\n<li style=\"font-weight: 400;\" aria-level=\"1\"><span style=\"font-weight: 400;\">Th\u1eddi gian \u0111\u00e0o t\u1ea1o: ng\u01b0\u1eddi c\u00f3 b\u1eb1ng th\u1ea1c s\u0129 l\u00e0 3 n\u0103m (90 t\u00edn ch\u1ec9) v\u00e0 ng\u01b0\u1eddi c\u00f3 b\u1eb1ng t\u1ed1t nghi\u1ec7p \u0111\u1ea1i h\u1ecdc lo\u1ea1i gi\u1ecfi l\u00e0 4 n\u0103m (129 t\u00edn ch\u1ec9) <\/span><\/li>\n<li aria-level=\"1\"><span style=\"font-weight: 400;\">T\u00ean v\u0103n b\u1eb1ng t\u1ed1t nghi\u1ec7p:<\/span><\/li>\n<li aria-level=\"1\"><span style=\"font-weight: 400;\">T\u00ean ti\u1ebfng Vi\u1ec7t: Ti\u1ebfn s\u0129 C\u00f4ng ngh\u1ec7 th\u00f4ng tin<\/span><\/li>\n<li aria-level=\"1\"><span style=\"font-weight: 400;\">T\u00ean ti\u1ebfng Anh: Doctor of Philosophy in information technology<\/span><\/li>\n<\/ul>\n<\/div>\n<\/div>\n<p><strong style=\"color: #000080; font-size: 23.04px;\"><span style=\"color: #ff0000; font-size: 120%;\">|<\/span> M\u1ee5c ti\u00eau chung<\/strong><\/p>\n<\/div>\n<div class=\"majors_banner_content\"><span style=\"font-weight: 400;\">M\u1ee5c ti\u00eau c\u1ee7a Ch\u01b0\u01a1ng tr\u00ecnh \u0111\u00e0o t\u1ea1o ng\u00e0nh c\u00f4ng ngh\u1ec7 th\u00f4ng tin tr\u00ecnh \u0111\u1ed9 ti\u1ebfn s\u0129 l\u00e0 \u0111\u00e0o t\u1ea1o nh\u00e0 khoa h\u1ecdc c\u00f3 h\u1ecdc v\u1ecb cao nh\u1ea5t, c\u00f3 ki\u1ebfn th\u1ee9c chuy\u00ean s\u00e2u nh\u1ea5t, k\u1ef9 n\u0103ng t\u1ed1t, tinh th\u1ea7n t\u1ef1 ch\u1ee7 v\u00e0 tr\u00e1ch nhi\u1ec7m nh\u1ea5t, bao g\u1ed3m: Tr\u00ecnh \u0111\u1ed9 khoa h\u1ecdc l\u00fd thuy\u1ebft v\u00e0 \u1ee9ng d\u1ee5ng cao, c\u00f3 n\u0103ng l\u1ef1c nghi\u00ean c\u1ee9u \u0111\u1ed9c l\u1eadp v\u00e0 l\u00e3nh \u0111\u1ea1o nh\u00f3m nghi\u00ean c\u1ee9u; C\u00f3 t\u01b0 duy s\u00e1ng t\u1ea1o nh\u1ea5t, ph\u00e1t tri\u1ec3n tri th\u1ee9c m\u1edbi, ph\u00e1t hi\u1ec7n nguy\u00ean l\u00fd, quy lu\u1eadt t\u1ef1 nhi\u00ean &#8211; x\u00e3 h\u1ed9i v\u00e0 gi\u1ea3i quy\u1ebft nh\u1eefng v\u1ea5n \u0111\u1ec1 m\u1edbi v\u1ec1 khoa h\u1ecdc v\u00e0 c\u00f4ng ngh\u1ec7; H\u01b0\u1edbng d\u1eabn nghi\u00ean c\u1ee9u khoa h\u1ecdc v\u00e0 ho\u1ea1t \u0111\u1ed9ng chuy\u00ean m\u00f4n; C\u00f3 ph\u1ea9m ch\u1ea5t \u0111\u1ea1o \u0111\u1ee9c t\u1ed1t v\u00e0 c\u00f3 kh\u1ea3 n\u0103ng \u0111\u1ecbnh h\u01b0\u1edbng ph\u00e1t tri\u1ec3n, \u1ee9ng d\u1ee5ng c\u00f4ng ngh\u1ec7 m\u1edbi trong l\u0129nh v\u1ef1c c\u00f4ng ngh\u1ec7 th\u00f4ng tin<\/span><\/div>\n<div><\/div>\n<div class=\"majors_banner_content\"><strong style=\"color: #000080; font-size: 23.04px;\"><span style=\"font-size: 120%; color: #ff0000;\">|<\/span><b>C\u00e1c ti\u00eau ch\u00ed tuy\u1ec3n sinh v\u00e0 y\u00eau c\u1ea7u \u0111\u1ea7u v\u00e0o c\u1ee7a ch\u01b0\u01a1ng tr\u00ecnh \u0111\u00e0o t\u1ea1o<\/b><\/strong><\/div>\n<div class=\"majors_banner_content\">\n<p><span style=\"font-weight: 400;\">Ng\u01b0\u1eddi d\u1ef1 tuy\u1ec3n \u0111\u00e0o t\u1ea1o tr\u00ecnh \u0111\u1ed9 ti\u1ebfn s\u0129 ph\u1ea3i c\u00f3 c\u00e1c \u0111i\u1ec1u ki\u1ec7n sau:\u00a0<\/span><\/p>\n<ul>\n<li aria-level=\"1\"><span style=\"font-weight: 400;\">C\u00f3 b\u1eb1ng th\u1ea1c s\u0129 ph\u00f9 h\u1ee3p v\u1edbi chuy\u00ean ng\u00e0nh \u0111\u0103ng k\u00ed d\u1ef1 tuy\u1ec3n. Tr\u01b0\u1eddng h\u1ee3p ch\u01b0a c\u00f3 b\u1eb1ng th\u1ea1c s\u0129 th\u00ec ph\u1ea3i c\u00f3 b\u1eb1ng t\u1ed1t nghi\u1ec7p \u0111\u1ea1i h\u1ecdc lo\u1ea1i gi\u1ecfi tr\u1edf l\u00ean ng\u00e0nh ph\u00f9 h\u1ee3p v\u1edbi ng\u00e0nh \u0111\u0103ng k\u00ed d\u1ef1 tuy\u1ec3n, ho\u1eb7c t\u1ed1t nghi\u1ec7p tr\u00ecnh \u0111\u1ed9 t\u01b0\u01a1ng \u0111\u01b0\u01a1ng b\u1eadc 7 theo Khung tr\u00ecnh \u0111\u1ed9 qu\u1ed1c gia Vi\u1ec7t Nam \u1edf m\u1ed9t s\u1ed1 ng\u00e0nh \u0111\u00e0o t\u1ea1o chuy\u00ean s\u00e2u \u0111\u1eb7c th\u00f9 ph\u00f9 h\u1ee3p v\u1edbi ng\u00e0nh \u0111\u00e0o t\u1ea1o ti\u1ebfn s\u0129;<\/span><\/li>\n<\/ul>\n<ul>\n<li aria-level=\"1\"><span style=\"font-weight: 400;\">C\u00f3 kinh nghi\u1ec7m nghi\u00ean c\u1ee9u th\u1ec3 hi\u1ec7n qua lu\u1eadn v\u0103n th\u1ea1c s\u0129 c\u1ee7a ch\u01b0\u01a1ng tr\u00ecnh \u0111\u00e0o t\u1ea1o \u0111\u1ecbnh h\u01b0\u1edbng nghi\u00ean c\u1ee9u; ho\u1eb7c b\u00e0i b\u00e1o, b\u00e1o c\u00e1o khoa h\u1ecdc \u0111\u00e3 c\u00f4ng b\u1ed1; ho\u1eb7c c\u00f3 th\u1eddi gian c\u00f4ng t\u00e1c t\u1eeb 02 n\u0103m (24 th\u00e1ng) tr\u1edf l\u00ean l\u00e0 gi\u1ea3ng vi\u00ean, nghi\u00ean c\u1ee9u vi\u00ean c\u1ee7a c\u00e1c c\u01a1 s\u1edf \u0111\u00e0o t\u1ea1o, t\u1ed5 ch\u1ee9c khoa h\u1ecdc v\u00e0 c\u00f4ng ngh\u1ec7;<\/span><\/li>\n<\/ul>\n<ul>\n<li aria-level=\"1\"><span style=\"font-weight: 400;\">C\u00f3 Phi\u1ebfu \u0111\u0103ng k\u00ed d\u1ef1 x\u00e9t tuy\u1ec3n nghi\u00ean c\u1ee9u sinh, m\u1ed9t d\u1ef1 th\u1ea3o\/b\u00e0i lu\u1eadn v\u1ec1 d\u1ef1 \u0111\u1ecbnh nghi\u00ean c\u1ee9u, trong \u0111\u00f3 tr\u00ecnh b\u00e0y r\u00f5 r\u00e0ng \u0111\u1ec1 t\u00e0i ho\u1eb7c l\u0129nh v\u1ef1c nghi\u00ean c\u1ee9u, l\u00fd do l\u1ef1a ch\u1ecdn l\u0129nh v\u1ef1c nghi\u00ean c\u1ee9u, m\u1ee5c ti\u00eau v\u00e0 mong mu\u1ed1n \u0111\u1ea1t \u0111\u01b0\u1ee3c, l\u00fd do l\u1ef1a ch\u1ecdn Nh\u00e0 tr\u01b0\u1eddng; d\u1ef1 ki\u1ebfn k\u1ebf ho\u1ea1ch h\u1ecdc t\u1eadp, nghi\u00ean c\u1ee9u to\u00e0n kh\u00f3a th\u1ef1c hi\u1ec7n trong t\u1eebng th\u1eddi k\u1ef3 c\u1ee7a th\u1eddi gian \u0111\u00e0o t\u1ea1o; nh\u1eefng kinh nghi\u1ec7m, ki\u1ebfn th\u1ee9c, s\u1ef1 hi\u1ec3u bi\u1ebft c\u0169ng nh\u01b0 nh\u1eefng chu\u1ea9n b\u1ecb c\u1ee7a th\u00ed sinh trong v\u1ea5n \u0111\u1ec1 hay l\u0129nh v\u1ef1c d\u1ef1 \u0111\u1ecbnh nghi\u00ean c\u1ee9u; d\u1ef1 ki\u1ebfn vi\u1ec7c l\u00e0m sau khi t\u1ed1t nghi\u1ec7p; \u0111\u1ec1 xu\u1ea5t ng\u01b0\u1eddi h\u01b0\u1edbng d\u1eabn.<\/span><\/li>\n<\/ul>\n<ul>\n<li aria-level=\"1\"><span style=\"font-weight: 400;\">C\u00f3 \u0111\u1ee7 tr\u00ecnh \u0111\u1ed9 ngo\u1ea1i ng\u1eef theo quy \u0111\u1ecbnh (t\u01b0\u01a1ng \u0111\u01b0\u01a1ng tr\u00ecnh \u0111\u1ed9 b\u1eadc 4 theo khung ngo\u1ea1i gn\u1eef 6 b\u1eadc d\u00f9ng cho Vi\u1ec7t Nam) \u0111\u1ec3 tham kh\u1ea3o t\u00e0i li\u1ec7u, tham gia ho\u1ea1t \u0111\u1ed9ng qu\u1ed1c t\u1ebf v\u1ec1 chuy\u00ean m\u00f4n ph\u1ee5c v\u1ee5 nghi\u00ean c\u1ee9u khoa h\u1ecdc v\u00e0 th\u1ef1c hi\u1ec7n \u0111\u1ec1 t\u00e0i lu\u1eadn \u00e1n.\u00a0<\/span><\/li>\n<\/ul>\n<ul>\n<li aria-level=\"1\"><span style=\"font-weight: 400;\">\u0110\u01b0\u1ee3c c\u01a1 quan qu\u1ea3n l\u00fd nh\u00e2n s\u1ef1 (n\u1ebfu l\u00e0 ng\u01b0\u1eddi \u0111\u00e3 c\u00f3 vi\u1ec7c l\u00e0m), ho\u1eb7c tr\u01b0\u1eddng n\u01a1i sinh vi\u00ean v\u1eeba t\u1ed1t nghi\u1ec7p gi\u1edbi thi\u1ec7u d\u1ef1 tuy\u1ec3n \u0111\u00e0o t\u1ea1o tr\u00ecnh \u0111\u1ed9 ti\u1ebfn s\u0129. \u0110\u1ed1i v\u1edbi ng\u01b0\u1eddi ch\u01b0a c\u00f3 vi\u1ec7c l\u00e0m c\u1ea7n \u0111\u01b0\u1ee3c \u0111\u1ecba ph\u01b0\u01a1ng n\u01a1i c\u01b0 tr\u00fa x\u00e1c nh\u1eadn nh\u00e2n th\u00e2n v\u00e0 hi\u1ec7n kh\u00f4ng vi ph\u1ea1m ph\u00e1p lu\u1eadt.<\/span><\/li>\n<\/ul>\n<ul>\n<li aria-level=\"1\"><span style=\"font-weight: 400;\">Ng\u01b0\u1eddi d\u1ef1 tuy\u1ec3n l\u00e0 c\u00f4ng d\u00e2n n\u01b0\u1edbc ngo\u00e0i n\u1ebfu \u0111\u0103ng k\u00ed theo h\u1ecdc ch\u01b0\u01a1ng tr\u00ecnh \u0111\u00e0o t\u1ea1o tr\u00ecnh \u0111\u1ed9 ti\u1ebfn s\u0129 b\u1eb1ng ti\u1ebfng Vi\u1ec7t ph\u1ea3i c\u00f3 ch\u1ee9ng ch\u1ec9 ti\u1ebfng Vi\u1ec7t t\u1ed1i thi\u1ec3u t\u1eeb b\u1eadc 4 tr\u1edf l\u00ean theo Khung n\u0103ng l\u1ef1c ti\u1ebfng Vi\u1ec7t d\u00f9ng cho ng\u01b0\u1eddi n\u01b0\u1edbc ngo\u00e0i v\u00e0 ph\u1ea3i \u0111\u00e1p \u1ee9ng y\u00eau c\u1ea7u v\u1ec1 ngo\u1ea1i ng\u1eef th\u1ee9 hai do c\u01a1 s\u1edf \u0111\u00e0o t\u1ea1o quy\u1ebft \u0111\u1ecbnh, tr\u1eeb tr\u01b0\u1eddng h\u1ee3p l\u00e0 ng\u01b0\u1eddi b\u1ea3n ng\u1eef c\u1ee7a ng\u00f4n ng\u1eef \u0111\u01b0\u1ee3c s\u1eed d\u1ee5ng trong ch\u01b0\u01a1ng tr\u00ecnh \u0111\u00e0o t\u1ea1o tr\u00ecnh \u0111\u1ed9 ti\u1ebfn s\u0129.<\/span><\/li>\n<\/ul>\n<p><strong style=\"color: #000080; font-size: 23.04px;\"><span style=\"font-size: 120%; color: #ff0000;\">| <\/span><b>Th\u00f4ng tin v\u1ec1 c\u00e1c ch\u1ee9ng nh\u1eadn ki\u1ec3m \u0111\u1ecbnh<\/b><\/strong><\/p>\n<\/div>\n<div class=\"majors_banner_content\">\n<ul>\n<li aria-level=\"1\"><span style=\"font-weight: 400;\">\u0110\u1ea1t ki\u1ec3m \u0111\u1ecbnh ch\u1ea5t l\u01b0\u1ee3ng gi\u00e1o d\u1ee5c c\u1ea5p Khoa gi\u00e1o d\u1ee5c n\u0103m 2017 do Trung t\u00e2m ki\u1ec3m \u0111\u1ecbnh ch\u1ea5t l\u01b0\u1ee3ng gi\u00e1o d\u1ee5c \u2013 \u0110HQG TPHCM c\u1ea5p<\/span><\/li>\n<li aria-level=\"1\"><span style=\"font-weight: 400;\">\u0110\u1ea1t ki\u1ec3m \u0111\u1ecbnh ch\u1ea5t l\u01b0\u1ee3ng gi\u00e1o d\u1ee5c ch\u01b0\u01a1ng tr\u00ecnh \u0111\u00e0o t\u1ea1o C\u00f4ng ngh\u1ec7 th\u00f4ng tin tr\u00ecnh \u0111\u1ed9 th\u1ea1c s\u0129 n\u0103m 2022 do Trung t\u00e2m ki\u1ec3m \u0111\u1ecbnh ch\u1ea5t l\u01b0\u1ee3ng gi\u00e1o d\u1ee5c \u2013 \u0110HQG TPHCM c\u1ea5p<\/span><\/li>\n<\/ul>\n<ul>\n<li aria-level=\"1\"><span style=\"font-weight: 400;\">\u0110\u1ea1t ki\u1ec3m \u0111\u1ecbnh ch\u1ea5t l\u01b0\u1ee3ng gi\u00e1o d\u1ee5c ch\u01b0\u01a1ng tr\u00ecnh \u0111\u00e0o t\u1ea1o C\u00f4ng ngh\u1ec7 th\u00f4ng tin tr\u00ecnh \u0111\u1ed9 \u0110\u1ea1i h\u1ecdc n\u0103m 2019 theo AUN \u2013 QA<\/span><\/li>\n<\/ul>\n<div>\n<div><strong style=\"color: #000080; font-size: 23.04px;\"><span style=\"font-size: 120%; color: #ff0000;\">| <\/span><b>C\u1ea5u tr\u00fac Ch\u01b0\u01a1ng tr\u00ecnh \u0111\u00e0o t\u1ea1o<\/b><\/strong><\/div>\n<div><\/div>\n<p><img loading=\"lazy\" decoding=\"async\" class=\" wp-image-10589 aligncenter\" src=\"https:\/\/cntt.ntt.edu.vn\/wp-content\/uploads\/2025\/01\/CautrucCTDT-TienSi-278x350.jpg\" alt=\"\" width=\"665\" height=\"838\" srcset=\"https:\/\/cntt.ntt.edu.vn\/wp-content\/uploads\/2025\/01\/CautrucCTDT-TienSi-278x350.jpg 278w, https:\/\/cntt.ntt.edu.vn\/wp-content\/uploads\/2025\/01\/CautrucCTDT-TienSi.jpg 715w\" sizes=\"auto, (max-width: 665px) 100vw, 665px\" \/><\/p>\n<div>\n<div><strong style=\"color: #000080; font-size: 23.04px;\"><span style=\"color: #ff0000; font-size: 120%;\">|<\/span> C\u01a1 h\u1ed9i ngh\u1ec1 nghi\u1ec7p<\/strong><\/div>\n<\/div>\n<\/div>\n<\/div>\n<div class=\"img\">\n<div class=\"_img_item\">\n<div class=\"_img_item_other\">\n<div class=\"opportunit_content\">\n<div class=\"opportunit_list\">\n<div class=\"opportunit_item\">\n<ul>\n<li aria-level=\"1\"><b>Kh\u1ea3 n\u0103ng sau khi t\u1ed1t nghi\u1ec7p<\/b><\/li>\n<\/ul>\n<p><span style=\"font-weight: 400;\">Sau khi t\u1ed1t nghi\u1ec7p ti\u1ebfn s\u0129 c\u00f4ng ngh\u1ec7 th\u00f4ng tin, nghi\u00ean c\u1ee9u sinh c\u00f3 \u0111\u1ee7 kh\u1ea3 n\u0103ng \u0111\u1ec3 tham gia gi\u1ea3ng d\u1ea1y sau \u0111\u1ea1i h\u1ecdc, c\u00e1c ho\u1ea1t \u0111\u1ed9ng khoa h\u1ecdc v\u00e0 th\u1ef1c ti\u1ec5n trong l\u0129nh v\u1ef1c c\u00f4ng ngh\u1ec7 th\u00f4ng tin v\u00e0 truy\u1ec1n th\u00f4ng; tham gia vai tr\u00f2 l\u00e0 ch\u1ee7 nhi\u1ec7m ho\u1eb7c th\u00e0nh vi\u00ean tham gia \u0111\u1ec1 t\u00e0i c\u00e1c c\u1ea5p, t\u1eeb vi\u1ec7c ch\u1ecdn \u00fd t\u01b0\u1edfng nghi\u00ean c\u1ee9u, l\u1eadp k\u1ebf ho\u1ea1ch v\u00e0 t\u1ed5 ch\u1ee9c th\u1ef1c hi\u1ec7n v\u00e0 c\u00f4ng b\u1ed1 k\u1ebft qu\u1ea3.\u00a0<\/span><\/p>\n<ul>\n<li aria-level=\"1\"><b>V\u1ecb tr\u00ed sau khi t\u1ed1t nghi\u1ec7p<\/b><\/li>\n<\/ul>\n<p><span style=\"font-weight: 400;\">Sau khi t\u1ed1t nghi\u1ec7p ti\u1ebfn s\u0129 c\u00f4ng ngh\u1ec7 th\u00f4ng tin t\u1ea1i Tr\u01b0\u1eddng \u0110\u1ea1i h\u1ecdc Nguy\u1ec5n T\u1ea5t Th\u00e0nh, nghi\u00ean c\u1ee9u sinh c\u00f3 kh\u1ea3 n\u0103ng l\u00e0m vi\u1ec7c c\u00e1c v\u1ecb tr\u00ed sau:<\/span><\/p>\n<ul>\n<li style=\"font-weight: 400;\" aria-level=\"1\"><span style=\"font-weight: 400;\">T\u1ea1i c\u00e1c vi\u1ec7n nghi\u00ean c\u1ee9u: L\u00e0m nghi\u00ean c\u1ee9u sau ti\u1ebfn s\u0129 (Postdoc), l\u00e0 th\u00e0nh vi\u00ean ho\u1eb7c ch\u1ee7 nhi\u1ec7m nh\u00f3m nghi\u00ean c\u1ee9u;<\/span><\/li>\n<li style=\"font-weight: 400;\" aria-level=\"1\"><span style=\"font-weight: 400;\">T\u1ea1i c\u00e1c tr\u01b0\u1eddng \u0111\u1ea1i h\u1ecdc: L\u00e0m c\u00e1n b\u1ed9 gi\u1ea3ng d\u1ea1y sau \u0111\u1ea1i h\u1ecdc, nghi\u00ean c\u1ee9u khoa h\u1ecdc v\u00e0 h\u1ee3p t\u00e1c qu\u1ed1c t\u1ebf;<\/span><\/li>\n<li style=\"font-weight: 400;\" aria-level=\"1\"><span style=\"font-weight: 400;\">T\u1ea1i c\u00e1c c\u01a1 quan h\u00e0nh ch\u00ednh c\u00e1c c\u1ea5p: L\u00e0m chuy\u00ean gia qu\u1ea3n l\u00fd, ho\u1ea1ch \u0111\u1ecbnh c\u00e1c gi\u1ea3i ph\u00e1p k\u1ef9 thu\u1eadt, ho\u1ea1ch \u0111\u1ecbnh ch\u00ednh s\u00e1ch v\u00e0 ch\u1ee7 nhi\u1ec7m c\u00e1c d\u1ef1 \u00e1n;<\/span><\/li>\n<li style=\"font-weight: 400;\" aria-level=\"1\"><span style=\"font-weight: 400;\">T\u1ea1i c\u00e1c t\u1eadp \u0111o\u00e0n, c\u00f4ng ty: L\u00e0m tr\u01b0\u1edfng b\u1ed9 ph\u1eadn k\u1ef9 thu\u1eadt, ph\u1ecfng ph\u00e1t tri\u1ec3n khoa h\u1ecdc v\u00e0 c\u00f4ng ngh\u1ec7;<\/span><\/li>\n<li style=\"font-weight: 400;\" aria-level=\"1\"><span style=\"font-weight: 400;\">T\u1ea1i doanh nghi\u1ec7p: nh\u00e2n s\u1ef1 c\u1ea5p cao trong doanh nghi\u1ec7p, kh\u1edfi nghi\u1ec7p, \u1ee9ng d\u1ee5ng c\u00f4ng ngh\u1ec7 cao v\u00e0 t\u01b0 v\u1ea5n c\u1ea5p cao&#8230;<\/span><\/li>\n<\/ul>\n<ul>\n<li aria-level=\"1\"><b>Kh\u1ea3 n\u0103ng h\u1ecdc t\u1eadp n\u00e2ng cao tr\u00ecnh \u0111\u1ed9 sau khi t\u1ed1t nghi\u1ec7p<\/b><\/li>\n<\/ul>\n<p><span style=\"font-weight: 400;\">Sau khi t\u1ed1t nghi\u1ec7p ch\u01b0\u01a1ng tr\u00ecnh d\u00e0o t\u1ea1o ti\u1ebfn s\u0129 CNTT c\u00f3 th\u1ec3 l\u00e3nh \u0111\u1ea1o nh\u00f3m nghi\u00ean c\u1ee9u khoa h\u1ecdc, tham gia ch\u01b0\u01a1ng tr\u00ecnh h\u1eadu ti\u1ebfn s\u0129 (PostDoc).<\/span><\/p>\n<\/div>\n<\/div>\n<\/div>\n<\/div>\n<\/div>\n<\/div>\n\t\t<\/div>\n\t\t\t\t\t<\/div>\n\n\t\n<\/div>\n","protected":false},"excerpt":{"rendered":"","protected":false},"author":23,"featured_media":0,"parent":2061,"menu_order":0,"comment_status":"closed","ping_status":"closed","template":"page-blank.php","meta":{"footnotes":""},"class_list":["post-12796","page","type-page","status-publish","hentry"],"_links":{"self":[{"href":"https:\/\/cntt.ntt.edu.vn\/en\/wp-json\/wp\/v2\/pages\/12796","targetHints":{"allow":["GET"]}}],"collection":[{"href":"https:\/\/cntt.ntt.edu.vn\/en\/wp-json\/wp\/v2\/pages"}],"about":[{"href":"https:\/\/cntt.ntt.edu.vn\/en\/wp-json\/wp\/v2\/types\/page"}],"author":[{"embeddable":true,"href":"https:\/\/cntt.ntt.edu.vn\/en\/wp-json\/wp\/v2\/users\/23"}],"replies":[{"embeddable":true,"href":"https:\/\/cntt.ntt.edu.vn\/en\/wp-json\/wp\/v2\/comments?post=12796"}],"version-history":[{"count":0,"href":"https:\/\/cntt.ntt.edu.vn\/en\/wp-json\/wp\/v2\/pages\/12796\/revisions"}],"up":[{"embeddable":true,"href":"https:\/\/cntt.ntt.edu.vn\/en\/wp-json\/wp\/v2\/pages\/2061"}],"wp:attachment":[{"href":"https:\/\/cntt.ntt.edu.vn\/en\/wp-json\/wp\/v2\/media?parent=12796"}],"curies":[{"name":"wp","href":"https:\/\/api.w.org\/{rel}","templated":true}]}}