{"id":12793,"date":"2025-01-07T09:26:52","date_gmt":"2025-01-07T02:26:52","guid":{"rendered":"https:\/\/cntt.ntt.edu.vn\/academic-program\/thac-si\/"},"modified":"2025-01-18T16:09:48","modified_gmt":"2025-01-18T09:09:48","slug":"thac-si","status":"publish","type":"page","link":"https:\/\/cntt.ntt.edu.vn\/en\/academic-program\/thac-si\/","title":{"rendered":"Th\u1ea1c s\u0129"},"content":{"rendered":"\t<div class=\"img has-hover x md-x lg-x y md-y lg-y\" id=\"image_424072499\">\n\t\t\t\t\t\t\t\t<div class=\"img-inner image-cover dark\" style=\"padding-top:253px;\">\n\t\t\t<img loading=\"lazy\" decoding=\"async\" width=\"2048\" height=\"520\" src=\"https:\/\/cntt.ntt.edu.vn\/wp-content\/uploads\/2025\/01\/thacsi.jpg\" class=\"attachment-large size-large\" alt=\"\" srcset=\"https:\/\/cntt.ntt.edu.vn\/wp-content\/uploads\/2025\/01\/thacsi.jpg 2048w, https:\/\/cntt.ntt.edu.vn\/wp-content\/uploads\/2025\/01\/thacsi-500x127.jpg 500w, https:\/\/cntt.ntt.edu.vn\/wp-content\/uploads\/2025\/01\/thacsi-768x195.jpg 768w, https:\/\/cntt.ntt.edu.vn\/wp-content\/uploads\/2025\/01\/thacsi-1536x390.jpg 1536w\" sizes=\"auto, (max-width: 2048px) 100vw, 2048px\" \/>\t\t\t\t\t\t\n\t\t\t\t\t<\/div>\n\t\t\t\t\t\t\t\t\n<style>\n#image_424072499 {\n  width: 100%;\n}\n<\/style>\n\t<\/div>\n\t\n\t<div id=\"gap-685171939\" class=\"gap-element clearfix\" style=\"display:block; height:auto;\">\n\t\t\n<style>\n#gap-685171939 {\n  padding-top: 89px;\n}\n<\/style>\n\t<\/div>\n\t\n<div class=\"row\"  id=\"row-760574811\">\n\n\t<div id=\"col-990733154\" class=\"col small-12 large-12\"  >\n\t\t\t\t<div class=\"col-inner\"  >\n\t\t\t\n\t\t\t\n\n  <div class=\"banner has-hover\" id=\"banner-64490860\">\n          <div class=\"banner-inner fill\">\n        <div class=\"banner-bg fill\" >\n            <div class=\"bg fill bg-fill \"><\/div>\n                        <div class=\"overlay\"><\/div>            \n                    <\/div>\n        <div class=\"banner-layers container\">\n            <div class=\"fill banner-link\"><\/div>            \n   <div id=\"text-box-1799419000\" class=\"text-box banner-layer x95 md-x95 lg-x95 y50 md-y50 lg-y50 res-text\">\n                                <div class=\"text-box-content text \">\n              \n              <div class=\"text-inner text-right\">\n                  \n\t<div id=\"text-892757054\" class=\"text\">\n\t\t\n<h2 class=\"uppercase\"><strong>CH\u01af\u01a0NG TR\u00ccNH \u0110\u00c0O T\u1ea0O TH\u1ea0C S\u0128 C\u00d4NG NGH\u1ec6 TH\u00d4NG TIN<\/strong><\/h2>\n<ul>\n<li>T\u00ean ng\u00e0nh \u0111\u00e0o t\u1ea1o:T\u00ean ti\u1ebfng Vi\u1ec7t: C\u00f4ng ngh\u1ec7 th\u00f4ng tinT\u00ean ti\u1ebfng Anh: Information Technology<\/li>\n<li>Tr\u00ecnh \u0111\u1ed9 \u0111\u00e0o t\u1ea1o: Th\u1ea1c s\u0129<\/li>\n<li>M\u00e3 ng\u00e0nh \u0111\u00e0o t\u1ea1o: 48.02.01<\/li>\n<li>Th\u1eddi gian \u0111\u00e0o t\u1ea1o: 2 n\u0103m<\/li>\n<li>Lo\u1ea1i h\u00ecnh \u0111\u00e0o t\u1ea1o: Ch\u00ednh qui<\/li>\n<li>S\u1ed1 t\u00edn ch\u1ec9 to\u00e0n kho\u00e1: 60 t\u00edn ch\u1ec9<\/li>\n<li>V\u0103n b\u1eb1ng t\u1ed1t nghi\u1ec7p: Th\u1ea1c s\u0129 C\u00f4ng ngh\u1ec7 th\u00f4ng tin..<\/li>\n<\/ul>\n\t\t\n<style>\n#text-892757054 {\n  text-align: left;\n}\n<\/style>\n\t<\/div>\n\t\n              <\/div>\n           <\/div>\n                            \n<style>\n#text-box-1799419000 {\n  width: 60%;\n}\n#text-box-1799419000 .text-box-content {\n  font-size: 100%;\n}\n@media (min-width:550px) {\n  #text-box-1799419000 {\n    width: 88%;\n  }\n}\n<\/style>\n    <\/div>\n \n        <\/div>\n      <\/div>\n\n            \n<style>\n#banner-64490860 {\n  padding-top: 500px;\n  background-color: rgb(255, 255, 255);\n}\n#banner-64490860 .overlay {\n  background-color: rgba(190, 190, 190, 0.2);\n}\n<\/style>\n  <\/div>\n\n\n\t\t<\/div>\n\t\t\t\t\t<\/div>\n\n\t\n<\/div>\n<div class=\"row\"  id=\"row-11699709\">\n\n\t<div id=\"col-1900119075\" class=\"col small-12 large-12\"  >\n\t\t\t\t<div class=\"col-inner\"  >\n\t\t\t\n\t\t\t\n<div class=\"majors_banner_content\">\n<div class=\"majors_banner_boxtxt\">\n<div class=\"txt\" style=\"text-align: left;\">\n<div class=\"majors_banner_content\">\n<div class=\"majors_banner_boxtxt\">\n<div class=\"txt\" style=\"text-align: left;\"><strong style=\"color: #000080; font-size: 23.04px;\"><span style=\"color: #ff0000; font-size: 120%;\">|<\/span> M\u1ee5c ti\u00eau chung<\/strong><\/div>\n<\/div>\n<ol>\n<li><strong>M\u1ee5c ti\u00eau chung (Program general goals)<\/strong><\/li>\n<\/ol>\n<ul>\n<li>\u0110\u00e0o t\u1ea1o ngu\u1ed3n nh\u00e2n l\u1ef1c c\u00f4ng ngh\u1ec7 th\u00f4ng tin n\u00e2ng cao v\u1ec1 ki\u1ebfn th\u1ee9c khoa h\u1ecdc c\u00f4ng ngh\u1ec7, ph\u00f9 h\u1ee3p v\u1edbi nhu c\u1ea7u ph\u00e1t tri\u1ec3n c\u1ee7a l\u0129nh v\u1ef1c c\u00f4ng ngh\u1ec7 th\u00f4ng tin v\u00e0 truy\u1ec1n th\u00f4ng.<\/li>\n<li>Trang b\u1ecb nh\u1eefng ki\u1ebfn th\u1ee9c c\u01a1 b\u1ea3n ph\u1ee5c v\u1ee5 cho nhu c\u1ea7u nghi\u00ean c\u1ee9u khoa h\u1ecdc cho h\u1ecdc vi\u00ean, t\u1ea1o ti\u1ec1n \u0111\u1ec1 cho nghi\u00ean c\u1ee9u sinh ti\u1ebfn s\u0129.<\/li>\n<\/ul>\n<ol start=\"2\">\n<li><strong>M\u1ee5c ti\u00eau c\u1ee5 th\u1ec3 (Program specific goals)<\/strong><\/li>\n<\/ol>\n<p>H\u1ecdc vi\u00ean t\u1ed1t nghi\u1ec7p c\u00f3 ki\u1ebfn th\u1ee9c, k\u1ef9 n\u0103ng v\u00e0 ph\u1ea9m ch\u1ea5t:<\/p>\n<ul>\n<li>C\u00f3 t\u01b0 duy logic m\u1ed9t c\u00e1ch h\u1ec7 th\u1ed1ng.<\/li>\n<li>\u1ee8ng d\u1ee5ng l\u00fd thuy\u1ebft v\u00e0o th\u1ef1c ti\u1ec5n.<\/li>\n<li>Gi\u1ea3i quy\u1ebft c\u00e1c v\u1ea5n \u0111\u1ec1 chuy\u00ean s\u00e2u trong l\u0129nh v\u1ef1c c\u00f4ng ngh\u1ec7 th\u00f4ng tin.<\/li>\n<li>Kh\u1ea3 n\u0103ng \u0111\u1ecbnh h\u01b0\u1edbng nghi\u00ean c\u1ee9u c\u01a1 b\u1ea3n.<\/li>\n<li>\u0110\u1ea1t tr\u00ecnh \u0111\u1ed9 ngo\u1ea1i ng\u1eef B1 theo khung tham chi\u1ebfu Ch\u00e2u \u00c2u ho\u1eb7c t\u01b0\u01a1ng \u0111\u01b0\u01a1ng.<\/li>\n<\/ul>\n<p><strong style=\"color: #000080; font-size: 23.04px;\"><span style=\"font-size: 120%; color: #ff0000;\">| <\/span><b><strong>Chu\u1ea9n \u0111\u1ea7u ra c\u1ee7a ch\u01b0\u01a1ng tr\u00ecnh \u0111\u00e0o t\u1ea1o (Program learning outcomes)<\/strong><\/b><\/strong><\/p>\n<\/div>\n<div class=\"majors_banner_content\">\n<div>\n<ol>\n<li><strong>Ki\u1ebfn th\u1ee9c v\u00e0 l\u1eadp lu\u1eadn ng\u00e0nh<\/strong><\/li>\n<\/ol>\n<p>C\u00f3 ki\u1ebfn th\u1ee9c v\u1ec1 ng\u00e0nh C\u00f4ng ngh\u1ec7 th\u00f4ng tin v\u00e0 cung c\u1ea5p l\u1eadp lu\u1eadn chuy\u00ean m\u00f4n v\u1ec1 ng\u00e0nh, trong c\u00e1c l\u0129nh v\u1ef1c chuy\u00ean s\u00e2u nh\u01b0:<\/p>\n<ul>\n<li>Ph\u00e1t tri\u1ec3n h\u1ec7 th\u1ed1ng th\u00f4ng tin doanh nghi\u1ec7p<\/li>\n<li>T\u00ednh to\u00e1n hi\u1ec7u n\u0103ng cao<\/li>\n<li>B\u1ea3o m\u1eadt v\u00e0 an to\u00e0n h\u1ec7 th\u1ed1ng m\u1ea1ng<\/li>\n<li>Khai ph\u00e1 d\u1eef li\u1ec7u<\/li>\n<li>Ph\u00e1t tri\u1ec3n ph\u1ea7n m\u1ec1m<\/li>\n<li>H\u1ec7 th\u1ed1ng th\u00f4ng minh<\/li>\n<li>Tr\u00ed tu\u1ec7 nh\u00e2n t\u1ea1o<\/li>\n<li>\u0110i\u1ec7n to\u00e1n \u0111\u00e1m m\u00e2y.<\/li>\n<\/ul>\n<ol start=\"2\">\n<li><strong>K\u1ef9 n\u0103ng, ph\u1ea9m ch\u1ea5t c\u00e1 nh\u00e2n v\u00e0 ngh\u1ec1 nghi\u1ec7p<\/strong><\/li>\n<\/ol>\n<p>Sau khi ho\u00e0n th\u00e0nh kh\u00f3a h\u1ecdc, h\u1ecdc vi\u00ean cao h\u1ecdc \u0111\u1ea1t \u0111\u01b0\u1ee3c c\u00e1c k\u1ef9 n\u0103ng sau:<\/p>\n<ul>\n<li>\u0110\u1eb7t v\u1ea5n \u0111\u1ec1 v\u00e0 gi\u1ea3i quy\u1ebft v\u1ea5n \u0111\u1ec1 m\u1ed9t c\u00e1ch ch\u1eb7t ch\u1ebd v\u00e0 khoa h\u1ecdc<\/li>\n<li>Ph\u00e2n t\u00edch, thi\u1ebft k\u1ebf, hi\u1ec7n th\u1ef1c c\u00e1c gi\u1ea3i thu\u1eadt v\u00e0 \u1ee9ng d\u1ee5ng trong c\u00f4ng nghi\u1ec7p<\/li>\n<li>C\u00f3 n\u0103ng l\u1ef1c c\u1eadp nh\u1eadt c\u00e1c ki\u1ebfn th\u01b0\u0301c chuy\u00ean s\u00e2u, n\u1eafm b\u1eaft c\u00e1c c\u00f4ng ngh\u1ec7 m\u1edbi v\u1ec1 CNTT, h\u1ecdc t\u1eadp su\u1ed1t \u0111\u1eddi;<\/li>\n<li>\u0110\u1ea1t y\u00eau c\u1ea7u trong c\u00e1c k\u1ef9 n\u0103ng giao ti\u1ebfp (\u0111\u1ecdc, vi\u1ebft, tr\u00ecnh b\u00e0y b\u1eb1ng ti\u1ebfng Vi\u1ec7t v\u00e0 ti\u1ebfng Anh).<\/li>\n<\/ul>\n<ol start=\"3\">\n<li><strong>K\u1ef9 n\u0103ng, ph\u1ea9m ch\u1ea5t li\u00ean c\u00e1 nh\u00e2n<\/strong><\/li>\n<\/ol>\n<ul>\n<li>Tham gia ph\u1ed1i h\u1ee3p, c\u1ed9ng t\u00e1c v\u1edbi c\u00e1c nh\u00f3m nghi\u00ean c\u1ee9u khoa h\u1ecdc<\/li>\n<li>C\u00f3 n\u0103ng l\u1ef1c th\u00edch nghi v\u1edbi m\u00f4i tr\u01b0\u1eddng c\u1ea1nh tranh cao.<\/li>\n<li>C\u00f3 n\u0103ng l\u1ef1c d\u1eabn d\u1eaft chuy\u00ean m\u00f4n \u0111\u1ec3 x\u1eed l\u00fd c\u00e1c v\u1ea5n \u0111\u1ec1 th\u1ef1c t\u1ebf \u0111a d\u1ea1ng.<\/li>\n<li>C\u00f3 n\u0103ng l\u1ef1c ph\u00e1t huy l\u00e3nh \u0111\u1ea1o v\u00e0 t\u1ed5 ch\u1ee9c th\u1ef1c hi\u1ec7n d\u1ef1 \u00e1n.<\/li>\n<\/ul>\n<ol start=\"4\">\n<li><strong>N\u0103ng l\u1ef1c th\u1ef1c h\u00e0nh ngh\u1ec1 nghi\u1ec7p<\/strong><\/li>\n<\/ol>\n<ul>\n<li>\u0110\u1ea3m nhi\u1ec7m t\u1ed1t c\u00f4ng t\u00e1c nghi\u00ean c\u1ee9u t\u1ea1i c\u00e1c b\u1ed9 ph\u1eadn nghi\u00ean c\u1ee9u v\u00e0 ph\u00e1t tri\u1ec3n ng\u00e0nh c\u00f4ng ngh\u1ec7 th\u00f4ng tin<\/li>\n<li>C\u00f3 kh\u1ea3 n\u0103ng gi\u1ea3ng d\u1ea1y v\u00e0 nghi\u00ean c\u1ee9u l\u0129nh v\u1ef1c CNTT t\u1ea1i c\u00e1c tr\u01b0\u1eddng \u0111\u1ea1i h\u1ecdc, cao \u0111\u1eb3ng, v\u00e0 c\u00f3 kh\u1ea3 n\u0103ng ph\u00e1t tri\u1ec3n nghi\u00ean c\u1ee9u \u1edf b\u1eadc Ti\u1ebfn s\u0129.<\/li>\n<li>C\u00f3 kh\u1ea3 n\u0103ng x\u00e2y d\u1ef1ng, th\u1ea9m \u0111\u1ecbnh d\u1ef1 \u00e1n li\u00ean quan \u0111\u1ebfn CNTT<\/li>\n<li>C\u00f3 n\u0103ng l\u1ef1c ph\u00e1t hi\u1ec7n v\u00e0 gi\u1ea3i quy\u1ebft c\u00e1c v\u1ea5n \u0111\u1ec1 thu\u1ed9c chuy\u00ean m\u00f4n \u0111\u01b0\u1ee3c \u0111\u00e0o t\u1ea1o, \u0111\u1ec1 xu\u1ea5t nh\u1eefng s\u00e1ng ki\u1ebfn c\u00f3 gi\u00e1 tr\u1ecb.<\/li>\n<\/ul>\n<div>\n<div><\/div>\n<\/div>\n<\/div>\n<\/div>\n<div class=\"img\">\n<div class=\"_img_item\">\n<div class=\"_img_item_other\">\n<div class=\"opportunit_content\">\n<div class=\"opportunit_list\">\n<div class=\"opportunit_item\"><\/div>\n<\/div>\n<\/div>\n<\/div>\n<\/div>\n<\/div>\n<\/div>\n<\/div>\n<\/div>\n\t\t<\/div>\n\t\t\t\t\t<\/div>\n\n\t\n<\/div>\n\t<div id=\"gap-1320223639\" class=\"gap-element clearfix\" style=\"display:block; height:auto;\">\n\t\t\n<style>\n#gap-1320223639 {\n  padding-top: 89px;\n}\n<\/style>\n\t<\/div>\n\t\n","protected":false},"excerpt":{"rendered":"","protected":false},"author":23,"featured_media":0,"parent":2061,"menu_order":0,"comment_status":"closed","ping_status":"closed","template":"page-blank.php","meta":{"footnotes":""},"class_list":["post-12793","page","type-page","status-publish","hentry"],"_links":{"self":[{"href":"https:\/\/cntt.ntt.edu.vn\/en\/wp-json\/wp\/v2\/pages\/12793","targetHints":{"allow":["GET"]}}],"collection":[{"href":"https:\/\/cntt.ntt.edu.vn\/en\/wp-json\/wp\/v2\/pages"}],"about":[{"href":"https:\/\/cntt.ntt.edu.vn\/en\/wp-json\/wp\/v2\/types\/page"}],"author":[{"embeddable":true,"href":"https:\/\/cntt.ntt.edu.vn\/en\/wp-json\/wp\/v2\/users\/23"}],"replies":[{"embeddable":true,"href":"https:\/\/cntt.ntt.edu.vn\/en\/wp-json\/wp\/v2\/comments?post=12793"}],"version-history":[{"count":1,"href":"https:\/\/cntt.ntt.edu.vn\/en\/wp-json\/wp\/v2\/pages\/12793\/revisions"}],"predecessor-version":[{"id":12794,"href":"https:\/\/cntt.ntt.edu.vn\/en\/wp-json\/wp\/v2\/pages\/12793\/revisions\/12794"}],"up":[{"embeddable":true,"href":"https:\/\/cntt.ntt.edu.vn\/en\/wp-json\/wp\/v2\/pages\/2061"}],"wp:attachment":[{"href":"https:\/\/cntt.ntt.edu.vn\/en\/wp-json\/wp\/v2\/media?parent=12793"}],"curies":[{"name":"wp","href":"https:\/\/api.w.org\/{rel}","templated":true}]}}