{"id":12788,"date":"2024-05-10T12:09:14","date_gmt":"2024-05-10T05:09:14","guid":{"rendered":"https:\/\/cntt.ntt.edu.vn\/academic-program\/dai-hoc\/nganh-tri-tue-nhan-tao\/"},"modified":"2025-01-18T16:07:12","modified_gmt":"2025-01-18T09:07:12","slug":"nganh-tri-tue-nhan-tao","status":"publish","type":"page","link":"https:\/\/cntt.ntt.edu.vn\/en\/academic-program\/dai-hoc\/nganh-tri-tue-nhan-tao\/","title":{"rendered":"Ng\u00e0nh Tr\u00ed tu\u1ec7 nh\u00e2n t\u1ea1o"},"content":{"rendered":"<div>\t<section class=\"section pb-0\" id=\"section_114762600\">\n\t\t<div class=\"bg section-bg fill bg-fill  \" >\n\n\t\t\t\n\t\t\t\n\t\t\t\n\n\t\t<\/div>\n\n\t\t<div class=\"section-content relative\">\n\t\t\t\t\t<\/div>\n\n\t\t\n<style>\n#section_114762600 {\n  padding-top: 40px;\n  padding-bottom: 40px;\n  min-height: 260px;\n}\n#section_114762600 .section-bg.bg-loaded {\n  background-image: url(https:\/\/cntt.ntt.edu.vn\/wp-content\/uploads\/2025\/01\/46.jpg);\n}\n#section_114762600 .section-bg {\n  background-position: 4% 41%;\n}\n@media (min-width:550px) {\n  #section_114762600 {\n    padding-top: 50px;\n    padding-bottom: 50px;\n  }\n}\n@media (min-width:850px) {\n  #section_114762600 {\n    padding-top: 70px;\n    padding-bottom: 70px;\n  }\n}\n<\/style>\n\t<\/section>\n\t\n\t<section class=\"section pb-0\" id=\"section_7345443\">\n\t\t<div class=\"bg section-bg fill bg-fill  bg-loaded\" >\n\n\t\t\t\n\t\t\t\n\t\t\t\n\n\t\t<\/div>\n\n\t\t<div class=\"section-content relative\">\n\t\t\t<div class=\"row\"  id=\"row-719783989\">\n\n\t<div id=\"col-246500178\" class=\"col small-12 large-12\"  >\n\t\t\t\t<div class=\"col-inner\"  >\n\t\t\t\n\t\t\t\n<div class=\"row\"  id=\"row-1545960596\">\n\n\t<div id=\"col-1834716678\" class=\"col small-12 large-12\"  >\n\t\t\t\t<div class=\"col-inner\"  >\n\t\t\t\n\t\t\t\n<a class=\"button primary\"  >\n    <span>CH\u01af\u01a0NG TR\u00ccNH \u0110\u00c0O T\u1ea0O NG\u00c0NH TR\u00cd TU\u1ec6 NH\u00c2N T\u1ea0O<\/span>\n  <\/a>\n\n\t\t<\/div>\n\t\t\t\t\t<\/div>\n\n\t\n<\/div>\n<div class=\"txt\" style=\"text-align: left;\">+ T\u00ean ti\u1ebfng Anh: <strong>Information Technology<\/strong><\/div>\n<div class=\"txt\" style=\"text-align: left;\">+ T\u00ean ti\u1ebfng Vi\u1ec7t: <strong>C\u00f4ng ngh\u1ec7 th\u00f4ng tin<\/strong><\/div>\n<div class=\"txt\" style=\"text-align: left;\">\u2022 C\u00e1c chuy\u00ean ng\u00e0nh:<\/div>\n<div class=\"txt\" style=\"text-align: left;\">+ Chuy\u00ean ng\u00e0nh 1: H\u1ec7 th\u1ed1ng th\u00f4ng tin<\/div>\n<div class=\"txt\" style=\"text-align: left;\">+ Chuy\u00ean ng\u00e0nh 2: Khoa h\u1ecdc m\u00e1y t\u00ednh<\/div>\n<div class=\"txt\" style=\"text-align: left;\">+ Chuy\u00ean ng\u00e0nh 3: K\u1ef9 thu\u1eadt c\u00f4ng ngh\u1ec7 th\u00f4ng tin<\/div>\n<div class=\"txt\" style=\"text-align: left;\">\u2022 Tr\u00ecnh \u0111\u1ed9 \u0111\u00e0o t\u1ea1o: \u0110\u1ea1i h\u1ecdc<\/div>\n<div class=\"txt\" style=\"text-align: left;\">\u2022 Lo\u1ea1i h\u00ecnh \u0111\u00e0o t\u1ea1o: Ch\u00ednh quy<\/div>\n<div class=\"txt\" style=\"text-align: left;\">\u2022 Kh\u00f3a h\u1ecdc \u00e1p d\u1ee5ng: 2024<\/div>\n<div class=\"txt\" style=\"text-align: left;\">\u2022 Th\u1eddi gian \u0111\u00e0o t\u1ea1o: 3.5- 4 n\u0103m<\/div>\n<div class=\"txt\" style=\"text-align: left;\">\u2022 \u0110\u1ecbnh h\u01b0\u1edbng \u0111\u00e0o t\u1ea1o: \u0110\u1ecbnh h\u01b0\u1edbng \u1ee9ng d\u1ee5ng<\/div>\n<div class=\"txt\" style=\"text-align: left;\">\u2022 T\u00ean v\u0103n b\u1eb1ng t\u1ed1t nghi\u1ec7p:<\/div>\n<div class=\"txt\" style=\"text-align: left;\">+ T\u00ean ti\u1ebfng Vi\u1ec7t: B\u1eb1ng K\u1ef9 s\u01b0\/ C\u1eed nh\u00e2n C\u00f4ng ngh\u1ec7 th\u00f4ng tin<\/div>\n<div class=\"txt\" style=\"text-align: left;\">+ T\u00ean ti\u1ebfng Anh: The Degree of Engineer\/ Bachelor in Information Technology<\/div>\n<div class=\"txt\" style=\"text-align: left;\">\u0110\u01a1n v\u1ecb \u0111\u00e0o t\u1ea1o:<\/div>\n<div class=\"txt\" style=\"text-align: left;\">+ Khoa C\u00f4ng ngh\u1ec7 th\u00f4ng tin.<\/div>\n<div class=\"txt\" style=\"text-align: left;\">+ \u0110\u1ecba ch\u1ec9 v\u0103n ph\u00f2ng: L\u1ea7u 1, s\u1ed1 331 Qu\u1ed1c l\u1ed9 1A, P. An Ph\u00fa \u0110\u00f4ng, Qu\u1eadn 12, Tp.HCM (c\u01a1 s\u1edf 4).<\/div>\n<div><\/div>\n<div><\/div>\n<a class=\"button primary\"  >\n    <span>Gi\u1edbi thi\u1ec7u 3 Chuy\u00ean ng\u00e0nh<\/span>\n  <\/a>\n\n<div class=\"majors_banner_content\">\n<table width=\"996\">\n<tbody>\n<tr>\n<td width=\"144\">\n<h4><strong>Chuy\u00ean ng\u00e0nh<\/strong><\/h4>\n<\/td>\n<td width=\"360\">\n<h4><strong>H\u1ecd l\u00e0 ai?<\/strong><\/h4>\n<\/td>\n<td width=\"492\">\n<h4><strong>Vi\u1ec7c l\u00e0m sau khi t\u1ed1t nghi\u1ec7p<\/strong><\/h4>\n<\/td>\n<\/tr>\n<tr>\n<td width=\"144\">\n<h4 style=\"text-align: left;\"><strong>Khoa h\u1ecdc m\u00e1y t\u00ednh\u00a0<\/strong><\/h4>\n<\/td>\n<td width=\"360\">Trong l\u0129nh v\u1ef1c khoa h\u1ecdc m\u00e1y t\u00ednh, nh\u1eefng ng\u01b0\u1eddi l\u00e0m vi\u1ec7c th\u01b0\u1eddng \u0111\u01b0\u1ee3c g\u1ecdi l\u00e0 c\u00e1c nh\u00e0 khoa h\u1ecdc m\u00e1y t\u00ednh (computer scientists) l\u00e0 nh\u1eefng ng\u01b0\u1eddi nghi\u00ean c\u1ee9u, ph\u00e1t tri\u1ec3n, v\u00e0 \u00e1p d\u1ee5ng c\u00e1c ph\u01b0\u01a1ng ph\u00e1p v\u00e0 c\u00f4ng ngh\u1ec7 trong l\u0129nh v\u1ef1c m\u00e1y t\u00ednh.C\u00f3 th\u1ec3 l\u00e0m vi\u1ec7c trong c\u00e1c t\u1ed5 ch\u1ee9c nghi\u00ean c\u1ee9u, doanh nghi\u1ec7p, t\u1ed5 ch\u1ee9c phi l\u1ee3i nhu\u1eadn, ho\u1eb7c t\u1ef1 l\u00e0m ch\u1ee7 v\u00e0 tham gia v\u00e0o c\u00e1c d\u1ef1 \u00e1n kh\u1edfi nghi\u1ec7p.<\/td>\n<td width=\"492\">+ K\u1ef9 s\u01b0\/c\u1eed nh\u00e2n nghi\u00ean c\u1ee9u v\u00e0 ph\u00e1t tri\u1ec3n trong l\u0129nh v\u1ef1c m\u00e1y h\u1ecdc.+ K\u1ef9 s\u01b0\/c\u1eed nh\u00e2n Ph\u00e2n t\u00edch d\u1eef li\u1ec7u v\u00e0 khoa h\u1ecdc d\u1eef li\u1ec7u.+ K\u1ef9 s\u01b0\/c\u1eed nh\u00e2n Ph\u00e1t tri\u1ec3n ph\u1ea7n m\u1ec1m m\u00e1y h\u1ecdc v\u00e0 \u1ee9ng d\u1ee5ng tr\u00ed tu\u1ec7 nh\u00e2n t\u1ea1o+ Chuy\u00ean gia th\u1ecb gi\u00e1c m\u00e1y t\u00ednh v\u00e0 x\u1eed l\u00fd \u1ea3nh+ Chuy\u00ean gia t\u01b0 v\u1ea5n m\u00e1y h\u1ecdc v\u00e0 tr\u00ed tu\u1ec7 nh\u00e2n t\u1ea1o.+ L\u1eadp tr\u00ecnh vi\u00ean v\u00e0 ph\u00e2n t\u00edch h\u1ec7 th\u1ed1ng.+ Gi\u1ea3ng d\u1ea1y K\u1ef9 thu\u1eadt CNTT t\u1ea1i c\u00e1c tr\u01b0\u1eddng, vi\u1ec7n nghi\u00ean c\u1ee9u+ C\u00f3 th\u1ec3 theo h\u1ecdc b\u1eadc cao h\u01a1n nh\u01b0 Th\u1ea1c s\u1ef9 v\u00e0 Ti\u1ebfn s\u1ef9<\/td>\n<\/tr>\n<tr>\n<td width=\"144\">\n<h4><strong>H\u1ec7 th\u1ed1ng th\u00f4ng tin<\/strong><\/h4>\n<\/td>\n<td width=\"360\">Nh\u1eefng ng\u01b0\u1eddi l\u00e0m vi\u1ec7c th\u01b0\u1eddng \u0111\u01b0\u1ee3c g\u1ecdi l\u00e0 k\u1ef9 s\u01b0 m\u00e1y t\u00ednh ho\u1eb7c chuy\u00ean gia H\u1ec7 th\u1ed1ng th\u00f4ng tin. Ph\u00e1t tri\u1ec3n v\u1ec1 thi\u1ebft k\u1ebf, ph\u00e1t tri\u1ec3n, tri\u1ec3n khai, v\u00e0 duy tr\u00ec h\u1ec7 th\u1ed1ng m\u00e1y t\u00ednh. C\u00e1c k\u1ef9 s\u01b0 m\u00e1y t\u00ednh c\u00f3 th\u1ec3 l\u00e0m vi\u1ec7c trong nhi\u1ec1u l\u0129nh v\u1ef1c kh\u00e1c nhau, bao g\u1ed3m c\u00f4ng nghi\u1ec7p, nghi\u00ean c\u1ee9u, d\u1ecbch v\u1ee5 t\u01b0 v\u1ea5n, v\u00e0 nhi\u1ec1u l\u0129nh v\u1ef1c kh\u00e1c.<\/td>\n<td width=\"492\">+ K\u1ef9 s\u01b0\/c\u1eed nh\u00e2n ph\u1ea7n m\u1ec1m+ K\u1ef9 s\u01b0\/c\u1eed nh\u00e2n ph\u1ea7n c\u1ee9ng+ K\u1ef9 s\u01b0\/c\u1eed nh\u00e2n Qu\u1ea3n tr\u1ecb vi\u00ean h\u1ec7 th\u1ed1ng CNTT+ Chuy\u00ean gia \u0111i\u1ec7n to\u00e1n \u0111\u00e1m m\u00e2y (cloud computing)+ Chuy\u00ean gia t\u1ef1 \u0111\u1ed9ng h\u00f3a+ Gi\u1ea3ng d\u1ea1y H\u1ec7 th\u1ed1ng th\u00f4ng tin t\u1ea1i c\u00e1c tr\u01b0\u1eddng, vi\u1ec7n nghi\u00ean c\u1ee9u+ C\u00f3 th\u1ec3 theo h\u1ecdc b\u1eadc cao h\u01a1n nh\u01b0 Th\u1ea1c s\u1ef9 v\u00e0 Ti\u1ebfn s\u1ef9<\/td>\n<\/tr>\n<tr>\n<td width=\"144\">\n<h4><strong>K\u1ef9 thu\u1eadt c\u00f4ng ngh\u1ec7 th\u00f4ng tin<\/strong><\/h4>\n<\/td>\n<td width=\"360\">Nh\u1eefng ng\u01b0\u1eddi l\u00e0m vi\u1ec7c th\u01b0\u1eddng \u0111\u01b0\u1ee3c g\u1ecdi l\u00e0 chuy\u00ean gia K\u1ef9 thu\u1eadt CNTT, h\u1ecd ch\u1ecbu tr\u00e1ch nhi\u1ec7m x\u00e2y d\u1ef1ng, duy tr\u00ec v\u00e0 qu\u1ea3n l\u00fd c\u00e1c h\u1ec7 th\u1ed1ng CNTT trong t\u1ed5 ch\u1ee9c.Nh\u1eefng ng\u01b0\u1eddi l\u00e0m vi\u1ec7c trong l\u0129nh v\u1ef1c k\u1ef9 thu\u1eadt CNTT th\u01b0\u1eddng c\u1ea7n ki\u1ebfn th\u1ee9c s\u00e2u s\u1eafc v\u1ec1 c\u00f4ng ngh\u1ec7 th\u00f4ng tin, k\u1ef9 n\u0103ng qu\u1ea3n l\u00fd d\u1ef1 \u00e1n, v\u00e0 kh\u1ea3 n\u0103ng l\u00e0m vi\u1ec7c hi\u1ec7u qu\u1ea3 v\u1edbi ng\u01b0\u1eddi d\u00f9ng v\u00e0 c\u00e1c \u0111\u1ed9i ng\u0169 kh\u00e1c trong t\u1ed5 ch\u1ee9c.<\/td>\n<td width=\"492\">+ K\u1ef9 s\u01b0\/c\u1eed nh\u00e2n qu\u1ea3n tr\u1ecb vi\u00ean h\u1ec7 th\u1ed1ng.+ K\u1ef9 s\u01b0\/c\u1eed nh\u00e2n qu\u1ea3n l\u00fd c\u01a1 s\u1edf d\u1eef li\u1ec7u.+ K\u1ef9 s\u01b0\/c\u1eed nh\u00e2n an ninh th\u00f4ng tin.+ K\u1ef9 s\u01b0\/c\u1eed nh\u00e2n qu\u1ea3n l\u00fd d\u1ef1 \u00e1n h\u1ec7 th\u1ed1ng th\u00f4ng tin.+ Chuy\u00ean gia \u0111i\u1ec1u ph\u1ed1i d\u1ef1 \u00e1n h\u1ec7 th\u1ed1ng.+ Chuy\u00ean gia v\u1ec1 quy tr\u00ecnh kinh doanh.+ Gi\u1ea3ng d\u1ea1y K\u1ef9 thu\u1eadt CNTT t\u1ea1i c\u00e1c tr\u01b0\u1eddng, vi\u1ec7n nghi\u00ean c\u1ee9u+ C\u00f3 th\u1ec3 theo h\u1ecdc b\u1eadc cao h\u01a1n nh\u01b0 Th\u1ea1c s\u1ef9 v\u00e0 Ti\u1ebfn s\u1ef9<\/td>\n<\/tr>\n<\/tbody>\n<\/table>\n<h4><\/h4>\n<div><\/div>\n<\/div>\n\t\t<\/div>\n\t\t\t\t\t<\/div>\n\n\t\n<\/div>\n\t\t<\/div>\n\n\t\t\n<style>\n#section_7345443 {\n  padding-top: 40px;\n  padding-bottom: 40px;\n}\n@media (min-width:550px) {\n  #section_7345443 {\n    padding-top: 50px;\n    padding-bottom: 50px;\n  }\n}\n@media (min-width:850px) {\n  #section_7345443 {\n    padding-top: 70px;\n    padding-bottom: 70px;\n  }\n}\n<\/style>\n\t<\/section>\n\t\n\t<section class=\"section pb-0\" id=\"section_665777495\">\n\t\t<div class=\"bg section-bg fill bg-fill  bg-loaded\" >\n\n\t\t\t\n\t\t\t\n\t\t\t\n\n\t\t<\/div>\n\n\t\t<div class=\"section-content relative\">\n\t\t\t\n<div class=\"row\"  id=\"row-355953020\">\n\n\t<div id=\"col-653539591\" class=\"col small-12 large-12\"  >\n\t\t\t\t<div class=\"col-inner\"  >\n\t\t\t\n\t\t\t\n<div class=\"video video-fit mb\" style=\"padding-top:50%;\"><p><iframe loading=\"lazy\" title=\"Video Ng\u00e0nh Tr\u00ed tu\u1ec7 nh\u00e2n t\u1ea1o - Khoa C\u00f4ng ngh\u1ec7 th\u00f4ng tin Tr\u01b0\u1eddng \u0110\u1ea1i h\u1ecdc Nguy\u1ec5n T\u1ea5t Th\u00e0nh\" width=\"1020\" height=\"574\" src=\"https:\/\/www.youtube.com\/embed\/jH14xXYtHoU?feature=oembed\" frameborder=\"0\" allow=\"accelerometer; autoplay; clipboard-write; encrypted-media; gyroscope; picture-in-picture; web-share\" referrerpolicy=\"strict-origin-when-cross-origin\" allowfullscreen><\/iframe><\/p>\n<\/div>\n<div class=\"accordion\" rel=\"\">\n<div class=\"accordion-item\"><a href=\"#\" class=\"accordion-title plain\"><button class=\"toggle\"><i class=\"icon-angle-down\"><\/i><\/button><span>Kh\u00f3a 2024<\/span><\/a><div class=\"accordion-inner\">\n<a rel=\"noopener noreferrer\" href=\"https:\/\/kttpmt.ntt.edu.vn\/wp-content\/uploads\/2023\/11\/2022.-CTDT-1.pdf\" target=\"_blank\" class=\"button primary is-shade box-shadow-3 box-shadow-5-hover lowercase\"  style=\"border-radius:5px;\">\n    <span>Ch\u01b0\u01a1ng tr\u00ecnh \u0111\u00e0o t\u1ea1o<\/span>\n  <\/a>\n\n<a rel=\"noopener noreferrer\" href=\"https:\/\/kttpmt.ntt.edu.vn\/wp-content\/uploads\/2023\/11\/2022.-Ba\u0309n-mo\u0302-ta\u0309-CTDT-1.pdf\" target=\"_blank\" class=\"button primary is-shade box-shadow-3 box-shadow-5-hover lowercase\"  style=\"border-radius:5px;\">\n    <span>B\u1ea3n m\u00f4 t\u1ea3 ch\u01b0\u01a1ng tr\u00ecnh \u0111\u00e0o t\u1ea1o<\/span>\n  <\/a>\n\n<a rel=\"noopener noreferrer\" href=\"https:\/\/kttpmt.ntt.edu.vn\/wp-content\/uploads\/2023\/11\/2022.-CDR-1.pdf\" target=\"_blank\" class=\"button primary is-shade box-shadow-3 box-shadow-5-hover lowercase\"  style=\"border-radius:5px;\">\n    <span>Chu\u1ea9n \u0111\u1ea7u ra<\/span>\n  <\/a>\n\n<\/div><\/div>\n<\/div>\n\t\t<\/div>\n\t\t\t\t\t<\/div>\n\n\t\n<\/div>\n\t\t<\/div>\n\n\t\t\n<style>\n#section_665777495 {\n  padding-top: 40px;\n  padding-bottom: 40px;\n}\n@media (min-width:550px) {\n  #section_665777495 {\n    padding-top: 50px;\n    padding-bottom: 50px;\n  }\n}\n@media (min-width:850px) {\n  #section_665777495 {\n    padding-top: 0px;\n    padding-bottom: 0px;\n  }\n}\n<\/style>\n\t<\/section>\n\t\n<\/div>\n","protected":false},"excerpt":{"rendered":"","protected":false},"author":20,"featured_media":0,"parent":11089,"menu_order":21,"comment_status":"closed","ping_status":"closed","template":"page-blank.php","meta":{"footnotes":""},"class_list":["post-12788","page","type-page","status-publish","hentry"],"_links":{"self":[{"href":"https:\/\/cntt.ntt.edu.vn\/en\/wp-json\/wp\/v2\/pages\/12788","targetHints":{"allow":["GET"]}}],"collection":[{"href":"https:\/\/cntt.ntt.edu.vn\/en\/wp-json\/wp\/v2\/pages"}],"about":[{"href":"https:\/\/cntt.ntt.edu.vn\/en\/wp-json\/wp\/v2\/types\/page"}],"author":[{"embeddable":true,"href":"https:\/\/cntt.ntt.edu.vn\/en\/wp-json\/wp\/v2\/users\/20"}],"replies":[{"embeddable":true,"href":"https:\/\/cntt.ntt.edu.vn\/en\/wp-json\/wp\/v2\/comments?post=12788"}],"version-history":[{"count":2,"href":"https:\/\/cntt.ntt.edu.vn\/en\/wp-json\/wp\/v2\/pages\/12788\/revisions"}],"predecessor-version":[{"id":12791,"href":"https:\/\/cntt.ntt.edu.vn\/en\/wp-json\/wp\/v2\/pages\/12788\/revisions\/12791"}],"up":[{"embeddable":true,"href":"https:\/\/cntt.ntt.edu.vn\/en\/wp-json\/wp\/v2\/pages\/11089"}],"wp:attachment":[{"href":"https:\/\/cntt.ntt.edu.vn\/en\/wp-json\/wp\/v2\/media?parent=12788"}],"curies":[{"name":"wp","href":"https:\/\/api.w.org\/{rel}","templated":true}]}}