{"id":11335,"date":"2025-01-07T10:25:00","date_gmt":"2025-01-07T03:25:00","guid":{"rendered":"https:\/\/cntt.ntt.edu.vn\/research-activities\/ban-tin-khoa\/"},"modified":"2026-03-29T15:54:55","modified_gmt":"2026-03-29T08:54:55","slug":"ban-tin-khoa","status":"publish","type":"page","link":"https:\/\/cntt.ntt.edu.vn\/en\/news\/ban-tin-khoa\/","title":{"rendered":"Faculty Newsletter"},"content":{"rendered":"<a class=\"button primary\"  style=\"border-radius:99px;\">\n    <span>B\u1ea2NG TIN KHOA<\/span>\n  <\/a>\n\n<div class=\"mh-bredcrumbs\"><ul id=\"mh-crumbs\" class=\"mb-0\"><li><a href=\"http:\/\/cntt.ntt.edu.vn\">Trang ch\u1ee7 \/ <\/a><\/li><\/ul><\/div>\n\t<div id=\"gap-1650945856\" class=\"gap-element clearfix\" style=\"display:block; height:auto;\">\n\t\t\n<style>\n#gap-1650945856 {\n  padding-top: 30px;\n}\n<\/style>\n\t<\/div>\n\t\n<div class=\"row\"  id=\"row-180696883\">\n\n\t<div id=\"col-614362412\" class=\"col small-12 large-12\"  >\n\t\t\t\t<div class=\"col-inner\"  >\n\t\t\t\n\t\t\t\n\n  \n    <div class=\"row large-columns-3 medium-columns-1 small-columns-1 slider row-slider slider-nav-reveal slider-nav-push\"  data-flickity-options='{\"imagesLoaded\": true, \"groupCells\": \"100%\", \"dragThreshold\" : 5, \"cellAlign\": \"left\",\"wrapAround\": true,\"prevNextButtons\": true,\"percentPosition\": true,\"pageDots\": false, \"rightToLeft\": false, \"autoPlay\" : false}'>\n\n  \t\t<div class=\"col post-item\" >\n\t\t\t<div class=\"col-inner\">\n\t\t\t<a href=\"https:\/\/cntt.ntt.edu.vn\/en\/hoat-dong-en-2\/sinh-vien-en\/chuyen-gia-he-thong-tong-cong-trinh-su-trong-ky-nguyen-so-tai-truong-dai-hoc-nguyen-tat-thanh\/\" class=\"plain\">\n\t\t\t\t<div class=\"box box-normal box-text-bottom box-blog-post has-hover\">\n            \t\t\t\t\t<div class=\"box-image\" >\n  \t\t\t\t\t\t<div class=\"image-cover\" style=\"padding-top:56.25%;\">\n  \t\t\t\t\t\t\t<img decoding=\"async\" width=\"500\" height=\"281\" src=\"https:\/\/cntt.ntt.edu.vn\/wp-content\/uploads\/2026\/04\/MG_3684-500x281.jpg\" class=\"attachment-medium size-medium wp-post-image\" alt=\"\" srcset=\"https:\/\/cntt.ntt.edu.vn\/wp-content\/uploads\/2026\/04\/MG_3684-500x281.jpg 500w, https:\/\/cntt.ntt.edu.vn\/wp-content\/uploads\/2026\/04\/MG_3684-768x432.jpg 768w, https:\/\/cntt.ntt.edu.vn\/wp-content\/uploads\/2026\/04\/MG_3684-1536x864.jpg 1536w, https:\/\/cntt.ntt.edu.vn\/wp-content\/uploads\/2026\/04\/MG_3684.jpg 1920w\" sizes=\"(max-width: 500px) 100vw, 500px\" \/>  \t\t\t\t\t\t\t  \t\t\t\t\t\t\t  \t\t\t\t\t\t<\/div>\n  \t\t\t\t\t\t  \t\t\t\t\t<\/div>\n          \t\t\t\t\t<div class=\"box-text text-center\" >\n\t\t\t\t\t<div class=\"box-text-inner blog-post-inner\">\n\n\t\t\t\t\t\n\t\t\t\t\t\t\t\t\t\t<h5 class=\"post-title is-large \">Systems expert: &#8220;Chief engineer&#8221; in the digital age at Nguyen Tat Thanh University.<\/h5>\n\t\t\t\t\t\t\t\t\t\t<div class=\"is-divider\"><\/div>\n\t\t\t\t\t\t\t\t\t\t<p class=\"from_the_blog_excerpt \">In today&#8217;s technology world, if programmers are the bricklayers of software, then Systems Engineers are...\t\t\t\t\t<\/p>\n\t\t\t\t\t                    \n\t\t\t\t\t\n\t\t\t\t\t\n\t\t\t\t\t<\/div>\n\t\t\t\t\t<\/div>\n\t\t\t\t\t\t\t\t\t\t\t\t\t\t\t\t<div class=\"badge absolute top post-date badge-circle\">\n\t\t\t\t\t\t\t<div class=\"badge-inner\">\n\t\t\t\t\t\t\t\t<span class=\"post-date-day\">22<\/span><br>\n\t\t\t\t\t\t\t\t<span class=\"post-date-month is-xsmall\">Apr<\/span>\n\t\t\t\t\t\t\t<\/div>\n\t\t\t\t\t\t<\/div>\n\t\t\t\t\t\t\t\t\t<\/div>\n\t\t\t\t<\/a>\n\t\t\t<\/div>\n\t\t<\/div>\n\t\t<div class=\"col post-item\" >\n\t\t\t<div class=\"col-inner\">\n\t\t\t<a href=\"https:\/\/cntt.ntt.edu.vn\/en\/hoat-dong-en-2\/sinh-vien-en\/sinh-vien-cntt-hoc-gi-trong-3-nam-tai-truong-dh-nguyen-tat-thanh\/\" class=\"plain\">\n\t\t\t\t<div class=\"box box-normal box-text-bottom box-blog-post has-hover\">\n            \t\t\t\t\t<div class=\"box-image\" >\n  \t\t\t\t\t\t<div class=\"image-cover\" style=\"padding-top:56.25%;\">\n  \t\t\t\t\t\t\t<img decoding=\"async\" width=\"500\" height=\"294\" src=\"https:\/\/cntt.ntt.edu.vn\/wp-content\/uploads\/2026\/04\/2026-04-09_142955-1-500x294.png\" class=\"attachment-medium size-medium wp-post-image\" alt=\"\" srcset=\"https:\/\/cntt.ntt.edu.vn\/wp-content\/uploads\/2026\/04\/2026-04-09_142955-1-500x294.png 500w, https:\/\/cntt.ntt.edu.vn\/wp-content\/uploads\/2026\/04\/2026-04-09_142955-1-768x452.png 768w, https:\/\/cntt.ntt.edu.vn\/wp-content\/uploads\/2026\/04\/2026-04-09_142955-1-1536x904.png 1536w, https:\/\/cntt.ntt.edu.vn\/wp-content\/uploads\/2026\/04\/2026-04-09_142955-1.png 1639w\" sizes=\"(max-width: 500px) 100vw, 500px\" \/>  \t\t\t\t\t\t\t  \t\t\t\t\t\t\t  \t\t\t\t\t\t<\/div>\n  \t\t\t\t\t\t  \t\t\t\t\t<\/div>\n          \t\t\t\t\t<div class=\"box-text text-center\" >\n\t\t\t\t\t<div class=\"box-text-inner blog-post-inner\">\n\n\t\t\t\t\t\n\t\t\t\t\t\t\t\t\t\t<h5 class=\"post-title is-large \">Sinh vi\u00ean CNTT h\u1ecdc g\u00ec trong 3 n\u0103m t\u1ea1i Tr\u01b0\u1eddng \u0110H Nguy\u1ec5n T\u1ea5t Th\u00e0nh?<\/h5>\n\t\t\t\t\t\t\t\t\t\t<div class=\"is-divider\"><\/div>\n\t\t\t\t\t\t\t\t\t\t<p class=\"from_the_blog_excerpt \">Trong th\u1eddi \u0111\u1ea1i c\u00f4ng ngh\u1ec7 s\u1ed1 ph\u00e1t tri\u1ec3n m\u1ea1nh m\u1ebd, C\u00f4ng ngh\u1ec7 th\u00f4ng tin (CNTT)...\t\t\t\t\t<\/p>\n\t\t\t\t\t                    \n\t\t\t\t\t\n\t\t\t\t\t\n\t\t\t\t\t<\/div>\n\t\t\t\t\t<\/div>\n\t\t\t\t\t\t\t\t\t\t\t\t\t\t\t\t<div class=\"badge absolute top post-date badge-circle\">\n\t\t\t\t\t\t\t<div class=\"badge-inner\">\n\t\t\t\t\t\t\t\t<span class=\"post-date-day\">18<\/span><br>\n\t\t\t\t\t\t\t\t<span class=\"post-date-month is-xsmall\">Apr<\/span>\n\t\t\t\t\t\t\t<\/div>\n\t\t\t\t\t\t<\/div>\n\t\t\t\t\t\t\t\t\t<\/div>\n\t\t\t\t<\/a>\n\t\t\t<\/div>\n\t\t<\/div>\n\t\t<div class=\"col post-item\" >\n\t\t\t<div class=\"col-inner\">\n\t\t\t<a href=\"https:\/\/cntt.ntt.edu.vn\/en\/admissions\/khoi-dong-cuoc-thi-tri-tue-nhan-tao-khoa-cong-nghe-thong-tin-nam-2026\/\" class=\"plain\">\n\t\t\t\t<div class=\"box box-normal box-text-bottom box-blog-post has-hover\">\n            \t\t\t\t\t<div class=\"box-image\" >\n  \t\t\t\t\t\t<div class=\"image-cover\" style=\"padding-top:56.25%;\">\n  \t\t\t\t\t\t\t<img decoding=\"async\" width=\"500\" height=\"281\" src=\"https:\/\/cntt.ntt.edu.vn\/wp-content\/uploads\/2026\/01\/unnamedctttnt26-500x281.jpg\" class=\"attachment-medium size-medium wp-post-image\" alt=\"\" srcset=\"https:\/\/cntt.ntt.edu.vn\/wp-content\/uploads\/2026\/01\/unnamedctttnt26-500x281.jpg 500w, https:\/\/cntt.ntt.edu.vn\/wp-content\/uploads\/2026\/01\/unnamedctttnt26-768x432.jpg 768w, https:\/\/cntt.ntt.edu.vn\/wp-content\/uploads\/2026\/01\/unnamedctttnt26.jpg 1024w\" sizes=\"(max-width: 500px) 100vw, 500px\" \/>  \t\t\t\t\t\t\t  \t\t\t\t\t\t\t  \t\t\t\t\t\t<\/div>\n  \t\t\t\t\t\t  \t\t\t\t\t<\/div>\n          \t\t\t\t\t<div class=\"box-text text-center\" >\n\t\t\t\t\t<div class=\"box-text-inner blog-post-inner\">\n\n\t\t\t\t\t\n\t\t\t\t\t\t\t\t\t\t<h5 class=\"post-title is-large \">KH\u1edeI \u0110\u1ed8NG: Cu\u1ed9c thi Tr\u00ed tu\u1ec7 nh\u00e2n t\u1ea1o \u2013 Khoa C\u00f4ng ngh\u1ec7 th\u00f4ng tin n\u0103m 2026<\/h5>\n\t\t\t\t\t\t\t\t\t\t<div class=\"is-divider\"><\/div>\n\t\t\t\t\t\t\t\t\t\t<p class=\"from_the_blog_excerpt \">CU\u1ed8C THI \u00a0TR\u00cd TU\u1ec6 NH\u00c2N T\u1ea0O &#8211; KHOA C\u00d4NG NGH\u1ec6 TH\u00d4NG TIN N\u0103m 2026 N\u1ed9i...\t\t\t\t\t<\/p>\n\t\t\t\t\t                    \n\t\t\t\t\t\n\t\t\t\t\t\n\t\t\t\t\t<\/div>\n\t\t\t\t\t<\/div>\n\t\t\t\t\t\t\t\t\t\t\t\t\t\t\t\t<div class=\"badge absolute top post-date badge-circle\">\n\t\t\t\t\t\t\t<div class=\"badge-inner\">\n\t\t\t\t\t\t\t\t<span class=\"post-date-day\">31<\/span><br>\n\t\t\t\t\t\t\t\t<span class=\"post-date-month is-xsmall\">Mar<\/span>\n\t\t\t\t\t\t\t<\/div>\n\t\t\t\t\t\t<\/div>\n\t\t\t\t\t\t\t\t\t<\/div>\n\t\t\t\t<\/a>\n\t\t\t<\/div>\n\t\t<\/div>\n\t\t<div class=\"col post-item\" >\n\t\t\t<div class=\"col-inner\">\n\t\t\t<a href=\"https:\/\/cntt.ntt.edu.vn\/en\/scientific-research\/hoi-thao-hoi-nghi-en\/khoa-cntt-truong-dh-nguyen-tat-thanh-tham-gia-hoi-thao-quoc-gia-ve-tri-tue-nhan-tao-fjcai-2026\/\" class=\"plain\">\n\t\t\t\t<div class=\"box box-normal box-text-bottom box-blog-post has-hover\">\n            \t\t\t\t\t<div class=\"box-image\" >\n  \t\t\t\t\t\t<div class=\"image-cover\" style=\"padding-top:56.25%;\">\n  \t\t\t\t\t\t\t<img decoding=\"async\" width=\"467\" height=\"350\" src=\"https:\/\/cntt.ntt.edu.vn\/wp-content\/uploads\/2026\/03\/Picture3-467x350.png\" class=\"attachment-medium size-medium wp-post-image\" alt=\"\" srcset=\"https:\/\/cntt.ntt.edu.vn\/wp-content\/uploads\/2026\/03\/Picture3-467x350.png 467w, https:\/\/cntt.ntt.edu.vn\/wp-content\/uploads\/2026\/03\/Picture3.png 624w\" sizes=\"(max-width: 467px) 100vw, 467px\" \/>  \t\t\t\t\t\t\t  \t\t\t\t\t\t\t  \t\t\t\t\t\t<\/div>\n  \t\t\t\t\t\t  \t\t\t\t\t<\/div>\n          \t\t\t\t\t<div class=\"box-text text-center\" >\n\t\t\t\t\t<div class=\"box-text-inner blog-post-inner\">\n\n\t\t\t\t\t\n\t\t\t\t\t\t\t\t\t\t<h5 class=\"post-title is-large \">The Faculty of Information Technology \u2013 Nguyen Tat Thanh University participated in the FJCAI 2026 National Conference on Artificial Intelligence.<\/h5>\n\t\t\t\t\t\t\t\t\t\t<div class=\"is-divider\"><\/div>\n\t\t\t\t\t\t\t\t\t\t<p class=\"from_the_blog_excerpt \">In the context of artificial intelligence (AI) becoming one of the core technologies of the...\t\t\t\t\t<\/p>\n\t\t\t\t\t                    \n\t\t\t\t\t\n\t\t\t\t\t\n\t\t\t\t\t<\/div>\n\t\t\t\t\t<\/div>\n\t\t\t\t\t\t\t\t\t\t\t\t\t\t\t\t<div class=\"badge absolute top post-date badge-circle\">\n\t\t\t\t\t\t\t<div class=\"badge-inner\">\n\t\t\t\t\t\t\t\t<span class=\"post-date-day\">31<\/span><br>\n\t\t\t\t\t\t\t\t<span class=\"post-date-month is-xsmall\">Mar<\/span>\n\t\t\t\t\t\t\t<\/div>\n\t\t\t\t\t\t<\/div>\n\t\t\t\t\t\t\t\t\t<\/div>\n\t\t\t\t<\/a>\n\t\t\t<\/div>\n\t\t<\/div>\n\t\t<div class=\"col post-item\" >\n\t\t\t<div class=\"col-inner\">\n\t\t\t<a href=\"https:\/\/cntt.ntt.edu.vn\/en\/news\/chuong-trinh-dinh-huong-sinh-vien-tot-nghiep-va-co-hoi-cho-sinh-vien-truoc-lan-song-cong-nghe-moi\/\" class=\"plain\">\n\t\t\t\t<div class=\"box box-normal box-text-bottom box-blog-post has-hover\">\n            \t\t\t\t\t<div class=\"box-image\" >\n  \t\t\t\t\t\t<div class=\"image-cover\" style=\"padding-top:56.25%;\">\n  \t\t\t\t\t\t\t<img decoding=\"async\" width=\"500\" height=\"281\" src=\"https:\/\/cntt.ntt.edu.vn\/wp-content\/uploads\/2025\/01\/19-1-1-500x281.jpg\" class=\"attachment-medium size-medium wp-post-image\" alt=\"\" srcset=\"https:\/\/cntt.ntt.edu.vn\/wp-content\/uploads\/2025\/01\/19-1-1-500x281.jpg 500w, https:\/\/cntt.ntt.edu.vn\/wp-content\/uploads\/2025\/01\/19-1-1-768x432.jpg 768w, https:\/\/cntt.ntt.edu.vn\/wp-content\/uploads\/2025\/01\/19-1-1.jpg 1280w\" sizes=\"(max-width: 500px) 100vw, 500px\" \/>  \t\t\t\t\t\t\t  \t\t\t\t\t\t\t  \t\t\t\t\t\t<\/div>\n  \t\t\t\t\t\t  \t\t\t\t\t<\/div>\n          \t\t\t\t\t<div class=\"box-text text-center\" >\n\t\t\t\t\t<div class=\"box-text-inner blog-post-inner\">\n\n\t\t\t\t\t\n\t\t\t\t\t\t\t\t\t\t<h5 class=\"post-title is-large \">Graduate orientation programs and opportunities for students in the face of the new wave of technology.<\/h5>\n\t\t\t\t\t\t\t\t\t\t<div class=\"is-divider\"><\/div>\n\t\t\t\t\t\t\t\t\t\t<p class=\"from_the_blog_excerpt \">The workshop not only provided students with an overview of current technology trends but also...\t\t\t\t\t<\/p>\n\t\t\t\t\t                    \n\t\t\t\t\t\n\t\t\t\t\t\n\t\t\t\t\t<\/div>\n\t\t\t\t\t<\/div>\n\t\t\t\t\t\t\t\t\t\t\t\t\t\t\t\t<div class=\"badge absolute top post-date badge-circle\">\n\t\t\t\t\t\t\t<div class=\"badge-inner\">\n\t\t\t\t\t\t\t\t<span class=\"post-date-day\">23<\/span><br>\n\t\t\t\t\t\t\t\t<span class=\"post-date-month is-xsmall\">Jan<\/span>\n\t\t\t\t\t\t\t<\/div>\n\t\t\t\t\t\t<\/div>\n\t\t\t\t\t\t\t\t\t<\/div>\n\t\t\t\t<\/a>\n\t\t\t<\/div>\n\t\t<\/div>\n\t\t<div class=\"col post-item\" >\n\t\t\t<div class=\"col-inner\">\n\t\t\t<a href=\"https:\/\/cntt.ntt.edu.vn\/en\/student-activities-academic\/chao-mung-ngay-nha-giao-viet-nam-20-11-2024-tri-an-va-ton-vinh-nhung-nguoi-lai-do-tham-lang\/\" class=\"plain\">\n\t\t\t\t<div class=\"box box-normal box-text-bottom box-blog-post has-hover\">\n            \t\t\t\t\t<div class=\"box-image\" >\n  \t\t\t\t\t\t<div class=\"image-cover\" style=\"padding-top:56.25%;\">\n  \t\t\t\t\t\t\t<img decoding=\"async\" width=\"500\" height=\"281\" src=\"https:\/\/cntt.ntt.edu.vn\/wp-content\/uploads\/2025\/01\/10-23-500x281.jpg\" class=\"attachment-medium size-medium wp-post-image\" alt=\"\" srcset=\"https:\/\/cntt.ntt.edu.vn\/wp-content\/uploads\/2025\/01\/10-23-500x281.jpg 500w, https:\/\/cntt.ntt.edu.vn\/wp-content\/uploads\/2025\/01\/10-23-768x432.jpg 768w, https:\/\/cntt.ntt.edu.vn\/wp-content\/uploads\/2025\/01\/10-23.jpg 1280w\" sizes=\"(max-width: 500px) 100vw, 500px\" \/>  \t\t\t\t\t\t\t  \t\t\t\t\t\t\t  \t\t\t\t\t\t<\/div>\n  \t\t\t\t\t\t  \t\t\t\t\t<\/div>\n          \t\t\t\t\t<div class=\"box-text text-center\" >\n\t\t\t\t\t<div class=\"box-text-inner blog-post-inner\">\n\n\t\t\t\t\t\n\t\t\t\t\t\t\t\t\t\t<h5 class=\"post-title is-large \">Ch\u00e0o m\u1eebng Ng\u00e0y Nh\u00e0 gi\u00e1o VI\u1ec7t Nam 20-11-2024: Tri \u00e2n v\u00e0 T\u00f4n vinh nh\u1eefng ng\u01b0\u1eddi l\u00e1i \u0111\u00f2 th\u1ea7m l\u1eb7ng<\/h5>\n\t\t\t\t\t\t\t\t\t\t<div class=\"is-divider\"><\/div>\n\t\t\t\t\t\t\t\t\t\t<p class=\"from_the_blog_excerpt \">Ng\u00e0y Nh\u00e0 gi\u00e1o Vi\u1ec7t Nam 20-11 lu\u00f4n l\u00e0 d\u1ecbp \u0111\u1ec3 m\u1ed7i ch\u00fang ta d\u1eebng l\u1ea1i,...\t\t\t\t\t<\/p>\n\t\t\t\t\t                    \n\t\t\t\t\t\n\t\t\t\t\t\n\t\t\t\t\t<\/div>\n\t\t\t\t\t<\/div>\n\t\t\t\t\t\t\t\t\t\t\t\t\t\t\t\t<div class=\"badge absolute top post-date badge-circle\">\n\t\t\t\t\t\t\t<div class=\"badge-inner\">\n\t\t\t\t\t\t\t\t<span class=\"post-date-day\">23<\/span><br>\n\t\t\t\t\t\t\t\t<span class=\"post-date-month is-xsmall\">Jan<\/span>\n\t\t\t\t\t\t\t<\/div>\n\t\t\t\t\t\t<\/div>\n\t\t\t\t\t\t\t\t\t<\/div>\n\t\t\t\t<\/a>\n\t\t\t<\/div>\n\t\t<\/div>\n\t\t<div class=\"col post-item\" >\n\t\t\t<div class=\"col-inner\">\n\t\t\t<a href=\"https:\/\/cntt.ntt.edu.vn\/en\/news\/giao-luu-bong-da-chao-mung-42-nam-ngay-nha-giao-viet-nam-ngay-17-11-2024\/\" class=\"plain\">\n\t\t\t\t<div class=\"box box-normal box-text-bottom box-blog-post has-hover\">\n            \t\t\t\t\t<div class=\"box-image\" >\n  \t\t\t\t\t\t<div class=\"image-cover\" style=\"padding-top:56.25%;\">\n  \t\t\t\t\t\t\t<img decoding=\"async\" width=\"500\" height=\"281\" src=\"https:\/\/cntt.ntt.edu.vn\/wp-content\/uploads\/2025\/01\/1-3-3-500x281.jpg\" class=\"attachment-medium size-medium wp-post-image\" alt=\"\" srcset=\"https:\/\/cntt.ntt.edu.vn\/wp-content\/uploads\/2025\/01\/1-3-3-500x281.jpg 500w, https:\/\/cntt.ntt.edu.vn\/wp-content\/uploads\/2025\/01\/1-3-3-768x432.jpg 768w, https:\/\/cntt.ntt.edu.vn\/wp-content\/uploads\/2025\/01\/1-3-3.jpg 1280w\" sizes=\"(max-width: 500px) 100vw, 500px\" \/>  \t\t\t\t\t\t\t  \t\t\t\t\t\t\t  \t\t\t\t\t\t<\/div>\n  \t\t\t\t\t\t  \t\t\t\t\t<\/div>\n          \t\t\t\t\t<div class=\"box-text text-center\" >\n\t\t\t\t\t<div class=\"box-text-inner blog-post-inner\">\n\n\t\t\t\t\t\n\t\t\t\t\t\t\t\t\t\t<h5 class=\"post-title is-large \">Giao l\u01b0u b\u00f3ng \u0111\u00e1 Ch\u00e0o m\u1eebng 42 n\u0103m ng\u00e0y Nh\u00e0 gi\u00e1o Vi\u1ec7t Nam ng\u00e0y 17\/11\/2024<\/h5>\n\t\t\t\t\t\t\t\t\t\t<div class=\"is-divider\"><\/div>\n\t\t\t\t\t\t\t\t\t\t<p class=\"from_the_blog_excerpt \">S\u1ef1 ki\u1ec7n 17\/11\/2024: Giao l\u01b0u b\u00f3ng \u0111\u00e1 Ch\u00e0o m\u1eebng 42 n\u0103m ng\u00e0y Nh\u00e0 gi\u00e1o Vi\u1ec7t...\t\t\t\t\t<\/p>\n\t\t\t\t\t                    \n\t\t\t\t\t\n\t\t\t\t\t\n\t\t\t\t\t<\/div>\n\t\t\t\t\t<\/div>\n\t\t\t\t\t\t\t\t\t\t\t\t\t\t\t\t<div class=\"badge absolute top post-date badge-circle\">\n\t\t\t\t\t\t\t<div class=\"badge-inner\">\n\t\t\t\t\t\t\t\t<span class=\"post-date-day\">23<\/span><br>\n\t\t\t\t\t\t\t\t<span class=\"post-date-month is-xsmall\">Jan<\/span>\n\t\t\t\t\t\t\t<\/div>\n\t\t\t\t\t\t<\/div>\n\t\t\t\t\t\t\t\t\t<\/div>\n\t\t\t\t<\/a>\n\t\t\t<\/div>\n\t\t<\/div>\n\t\t<div class=\"col post-item\" >\n\t\t\t<div class=\"col-inner\">\n\t\t\t<a href=\"https:\/\/cntt.ntt.edu.vn\/en\/news\/tin-tuc-su-kien-en\/iov-internet-of-vehicle-ky-nguyen-moi-cua-nganh-giao-thong\/\" class=\"plain\">\n\t\t\t\t<div class=\"box box-normal box-text-bottom box-blog-post has-hover\">\n            \t\t\t\t\t<div class=\"box-image\" >\n  \t\t\t\t\t\t<div class=\"image-cover\" style=\"padding-top:56.25%;\">\n  \t\t\t\t\t\t\t<img decoding=\"async\" width=\"500\" height=\"321\" src=\"https:\/\/cntt.ntt.edu.vn\/wp-content\/uploads\/2025\/01\/1-3-2-500x321.jpg\" class=\"attachment-medium size-medium wp-post-image\" alt=\"\" srcset=\"https:\/\/cntt.ntt.edu.vn\/wp-content\/uploads\/2025\/01\/1-3-2-500x321.jpg 500w, https:\/\/cntt.ntt.edu.vn\/wp-content\/uploads\/2025\/01\/1-3-2.jpg 625w\" sizes=\"(max-width: 500px) 100vw, 500px\" \/>  \t\t\t\t\t\t\t  \t\t\t\t\t\t\t  \t\t\t\t\t\t<\/div>\n  \t\t\t\t\t\t  \t\t\t\t\t<\/div>\n          \t\t\t\t\t<div class=\"box-text text-center\" >\n\t\t\t\t\t<div class=\"box-text-inner blog-post-inner\">\n\n\t\t\t\t\t\n\t\t\t\t\t\t\t\t\t\t<h5 class=\"post-title is-large \">IoV (Internet of Vehicle) &#8211; K\u1ef7 nguy\u00ean m\u1edbi c\u1ee7a ng\u00e0nh giao th\u00f4ng<\/h5>\n\t\t\t\t\t\t\t\t\t\t<div class=\"is-divider\"><\/div>\n\t\t\t\t\t\t\t\t\t\t<p class=\"from_the_blog_excerpt \">M\u1ed9t trong nh\u1eefng th\u00e1ch th\u1ee9c l\u1edbn nh\u1ea5t c\u1ee7a IoV l\u00e0 b\u1ea3o m\u1eadt d\u1eef li\u1ec7u. V\u1edbi...\t\t\t\t\t<\/p>\n\t\t\t\t\t                    \n\t\t\t\t\t\n\t\t\t\t\t\n\t\t\t\t\t<\/div>\n\t\t\t\t\t<\/div>\n\t\t\t\t\t\t\t\t\t\t\t\t\t\t\t\t<div class=\"badge absolute top post-date badge-circle\">\n\t\t\t\t\t\t\t<div class=\"badge-inner\">\n\t\t\t\t\t\t\t\t<span class=\"post-date-day\">23<\/span><br>\n\t\t\t\t\t\t\t\t<span class=\"post-date-month is-xsmall\">Jan<\/span>\n\t\t\t\t\t\t\t<\/div>\n\t\t\t\t\t\t<\/div>\n\t\t\t\t\t\t\t\t\t<\/div>\n\t\t\t\t<\/a>\n\t\t\t<\/div>\n\t\t<\/div>\n\t\t<div class=\"col post-item\" >\n\t\t\t<div class=\"col-inner\">\n\t\t\t<a href=\"https:\/\/cntt.ntt.edu.vn\/en\/admissions\/su-kien-to-chuc-le-khai-giang-tan-sinh-vien-khoa-2024-khoa-cong-nghe-thong-tin\/\" class=\"plain\">\n\t\t\t\t<div class=\"box box-normal box-text-bottom box-blog-post has-hover\">\n            \t\t\t\t\t<div class=\"box-image\" >\n  \t\t\t\t\t\t<div class=\"image-cover\" style=\"padding-top:56.25%;\">\n  \t\t\t\t\t\t\t<img decoding=\"async\" width=\"500\" height=\"321\" src=\"https:\/\/cntt.ntt.edu.vn\/wp-content\/uploads\/2025\/01\/1-1-1-500x321.jpg\" class=\"attachment-medium size-medium wp-post-image\" alt=\"\" srcset=\"https:\/\/cntt.ntt.edu.vn\/wp-content\/uploads\/2025\/01\/1-1-1-500x321.jpg 500w, https:\/\/cntt.ntt.edu.vn\/wp-content\/uploads\/2025\/01\/1-1-1.jpg 625w\" sizes=\"(max-width: 500px) 100vw, 500px\" \/>  \t\t\t\t\t\t\t  \t\t\t\t\t\t\t  \t\t\t\t\t\t<\/div>\n  \t\t\t\t\t\t  \t\t\t\t\t<\/div>\n          \t\t\t\t\t<div class=\"box-text text-center\" >\n\t\t\t\t\t<div class=\"box-text-inner blog-post-inner\">\n\n\t\t\t\t\t\n\t\t\t\t\t\t\t\t\t\t<h5 class=\"post-title is-large \">S\u1ef1 ki\u1ec7n t\u1ed5 ch\u1ee9c L\u1ec5 Khai gi\u1ea3ng T\u00e2n sinh vi\u00ean Kh\u00f3a 2024 Khoa C\u00f4ng ngh\u1ec7 th\u00f4ng tin<\/h5>\n\t\t\t\t\t\t\t\t\t\t<div class=\"is-divider\"><\/div>\n\t\t\t\t\t\t\t\t\t\t<p class=\"from_the_blog_excerpt \">Ng\u00e0y \u0111\u0103ng: 03\/10\/2024 Ng\u00e0y 04\/10\/2024 Khoa C\u00f4ng ngh\u1ec7 th\u00f4ng tin t\u1ed5 ch\u1ee9c L\u1ec5 Khai gi\u1ea3ng...\t\t\t\t\t<\/p>\n\t\t\t\t\t                    \n\t\t\t\t\t\n\t\t\t\t\t\n\t\t\t\t\t<\/div>\n\t\t\t\t\t<\/div>\n\t\t\t\t\t\t\t\t\t\t\t\t\t\t\t\t<div class=\"badge absolute top post-date badge-circle\">\n\t\t\t\t\t\t\t<div class=\"badge-inner\">\n\t\t\t\t\t\t\t\t<span class=\"post-date-day\">23<\/span><br>\n\t\t\t\t\t\t\t\t<span class=\"post-date-month is-xsmall\">Jan<\/span>\n\t\t\t\t\t\t\t<\/div>\n\t\t\t\t\t\t<\/div>\n\t\t\t\t\t\t\t\t\t<\/div>\n\t\t\t\t<\/a>\n\t\t\t<\/div>\n\t\t<\/div>\n<\/div>\n\t\t<\/div>\n\t\t\t\t\t<\/div>\n\n\t\n<\/div>\n","protected":false},"excerpt":{"rendered":"","protected":false},"author":23,"featured_media":0,"parent":3113,"menu_order":0,"comment_status":"closed","ping_status":"closed","template":"","meta":{"footnotes":""},"class_list":["post-11335","page","type-page","status-publish","hentry"],"_links":{"self":[{"href":"https:\/\/cntt.ntt.edu.vn\/en\/wp-json\/wp\/v2\/pages\/11335","targetHints":{"allow":["GET"]}}],"collection":[{"href":"https:\/\/cntt.ntt.edu.vn\/en\/wp-json\/wp\/v2\/pages"}],"about":[{"href":"https:\/\/cntt.ntt.edu.vn\/en\/wp-json\/wp\/v2\/types\/page"}],"author":[{"embeddable":true,"href":"https:\/\/cntt.ntt.edu.vn\/en\/wp-json\/wp\/v2\/users\/23"}],"replies":[{"embeddable":true,"href":"https:\/\/cntt.ntt.edu.vn\/en\/wp-json\/wp\/v2\/comments?post=11335"}],"version-history":[{"count":3,"href":"https:\/\/cntt.ntt.edu.vn\/en\/wp-json\/wp\/v2\/pages\/11335\/revisions"}],"predecessor-version":[{"id":16403,"href":"https:\/\/cntt.ntt.edu.vn\/en\/wp-json\/wp\/v2\/pages\/11335\/revisions\/16403"}],"up":[{"embeddable":true,"href":"https:\/\/cntt.ntt.edu.vn\/en\/wp-json\/wp\/v2\/pages\/3113"}],"wp:attachment":[{"href":"https:\/\/cntt.ntt.edu.vn\/en\/wp-json\/wp\/v2\/media?parent=11335"}],"curies":[{"name":"wp","href":"https:\/\/api.w.org\/{rel}","templated":true}]}}