{"id":11089,"date":"2025-01-07T10:02:04","date_gmt":"2025-01-07T03:02:04","guid":{"rendered":"https:\/\/cntt.ntt.edu.vn\/academic-program\/dai-hoc\/"},"modified":"2026-03-29T18:04:53","modified_gmt":"2026-03-29T11:04:53","slug":"dai-hoc","status":"publish","type":"page","link":"https:\/\/cntt.ntt.edu.vn\/en\/academic-program\/dai-hoc\/","title":{"rendered":"\u0110\u1ea1i h\u1ecdc"},"content":{"rendered":"[wbc_image id=&#8221;10766&#8243; id_mobile=&#8221;14014&#8243; image_size=&#8221;original&#8221;]\n\t<div id=\"gap-759139728\" class=\"gap-element clearfix\" style=\"display:block; height:auto;\">\n\t\t\n<style>\n#gap-759139728 {\n  padding-top: 36px;\n}\n<\/style>\n\t<\/div>\n\t\n<div class=\"row\"  id=\"row-1016514701\">\n\n\t<div id=\"col-1707657820\" class=\"col small-12 large-12\"  >\n\t\t\t\t<div class=\"col-inner\"  >\n\t\t\t\n\t\t\t\n\t<div id=\"text-1571919852\" class=\"text\">\n\t\t\n<h4><strong>Khoa C\u00f4ng ngh\u1ec7 th\u00f4ng tin \u0111\u00e0o t\u1ea1o 5 ng\u00e0nh bao g\u1ed3m:<\/strong><\/h4>\n\t\t\n<style>\n#text-1571919852 {\n  font-size: 1rem;\n  text-align: left;\n}\n<\/style>\n\t<\/div>\n\t\n\t\t<\/div>\n\t\t\t\t\t<\/div>\n\n\t\n<\/div>\n<div class=\"row\"  id=\"row-1390094256\">\n\n\t<div id=\"col-1155439032\" class=\"col small-12 large-12\"  >\n\t\t\t\t<div class=\"col-inner\"  >\n\t\t\t\n\t\t\t\n<div class=\"row\"  id=\"row-171694026\">\n\n\t<div id=\"col-1253277627\" class=\"col medium-5 small-12 large-5\"  >\n\t\t\t\t<div class=\"col-inner\"  >\n\t\t\t\n\t\t\t\n\n  <div class=\"banner has-hover\" id=\"banner-1380714039\">\n          <div class=\"banner-inner fill\">\n        <div class=\"banner-bg fill\" >\n            <div class=\"bg fill bg-fill \"><\/div>\n                        <div class=\"overlay\"><\/div>            \n                    <\/div>\n        <div class=\"banner-layers container\">\n            <div class=\"fill banner-link\"><\/div>            \n   <div id=\"text-box-728187847\" class=\"text-box banner-layer x5 md-x5 lg-x5 y50 md-y50 lg-y50 res-text\">\n                                <div class=\"text-box-content text dark\">\n              \n              <div class=\"text-inner text-left\">\n                  \n<h4 class=\"uppercase\"><strong>NG\u00c0NH C\u00d4NG NGH\u1ec6 TH\u00d4NG TIN<\/strong><\/h4>\n<h4>M\u00c3 S\u1ed0: <strong>7480201<\/strong><\/h4>\n<div class=\"txt\" style=\"text-align: left;\"><strong>C\u00f4ng ngh\u1ec7 th\u00f4ng tin<\/strong><\/div>\n<div class=\"txt\" style=\"text-align: left;\">\u2022 C\u00e1c chuy\u00ean ng\u00e0nh:<\/div>\n<div class=\"txt\" style=\"text-align: left;\">+ Chuy\u00ean ng\u00e0nh 1: H\u1ec7 th\u1ed1ng th\u00f4ng tin<\/div>\n<div class=\"txt\" style=\"text-align: left;\">+ Chuy\u00ean ng\u00e0nh 2: K\u1ef9 thu\u1eadt c\u00f4ng ngh\u1ec7 th\u00f4ng tin<\/div>\n<a href=\"https:\/\/cntt.ntt.edu.vn\/dao-tao\/dai-hoc\/nganh-cong-nghe-thong-tin\/\" target=\"_self\" class=\"button white is-outline expand\"  >\n    <span>Xem TH\u00caM<\/span>\n  <\/a>\n\n              <\/div>\n           <\/div>\n                            \n<style>\n#text-box-728187847 {\n  width: 60%;\n}\n#text-box-728187847 .text-box-content {\n  font-size: 180%;\n}\n@media (min-width:550px) {\n  #text-box-728187847 {\n    width: 89%;\n  }\n}\n<\/style>\n    <\/div>\n \n        <\/div>\n      <\/div>\n\n            \n<style>\n#banner-1380714039 {\n  padding-top: 457px;\n  background-color: #00529c;\n}\n#banner-1380714039 .overlay {\n  background-color: rgba(0, 0, 0, 0.31);\n}\n<\/style>\n  <\/div>\n\n\n\t\t<\/div>\n\t\t\t\t\t<\/div>\n\n\t\n\n\t<div id=\"col-79062098\" class=\"col medium-7 small-12 large-7\"  >\n\t\t\t\t<div class=\"col-inner\"  >\n\t\t\t\n\t\t\t\n<div class=\"slider-wrapper relative\" id=\"slider-656802506\" >\n    <div class=\"slider slider-nav-circle slider-nav-large slider-nav-light slider-style-normal\"\n        data-flickity-options='{\n            \"cellAlign\": \"center\",\n            \"imagesLoaded\": true,\n            \"lazyLoad\": 1,\n            \"freeScroll\": false,\n            \"wrapAround\": true,\n            \"autoPlay\": 6000,\n            \"pauseAutoPlayOnHover\" : true,\n            \"prevNextButtons\": true,\n            \"contain\" : true,\n            \"adaptiveHeight\" : true,\n            \"dragThreshold\" : 10,\n            \"percentPosition\": true,\n            \"pageDots\": true,\n            \"rightToLeft\": false,\n            \"draggable\": true,\n            \"selectedAttraction\": 0.1,\n            \"parallax\" : 0,\n            \"friction\": 0.6        }'\n        >\n        \n\t<div class=\"img has-hover x md-x lg-x y md-y lg-y\" id=\"image_1905487530\">\n\t\t\t\t\t\t\t\t<div class=\"img-inner image-cover dark\" style=\"padding-top:454px;\">\n\t\t\t<img loading=\"lazy\" decoding=\"async\" width=\"2560\" height=\"1707\" src=\"https:\/\/cntt.ntt.edu.vn\/wp-content\/uploads\/2025\/01\/NTTU-3-1-scaled-1.jpg\" class=\"attachment-large size-large\" alt=\"\" srcset=\"https:\/\/cntt.ntt.edu.vn\/wp-content\/uploads\/2025\/01\/NTTU-3-1-scaled-1.jpg 2560w, https:\/\/cntt.ntt.edu.vn\/wp-content\/uploads\/2025\/01\/NTTU-3-1-scaled-1-500x333.jpg 500w, https:\/\/cntt.ntt.edu.vn\/wp-content\/uploads\/2025\/01\/NTTU-3-1-scaled-1-768x512.jpg 768w, https:\/\/cntt.ntt.edu.vn\/wp-content\/uploads\/2025\/01\/NTTU-3-1-scaled-1-1536x1024.jpg 1536w, https:\/\/cntt.ntt.edu.vn\/wp-content\/uploads\/2025\/01\/NTTU-3-1-scaled-1-2048x1366.jpg 2048w\" sizes=\"auto, (max-width: 2560px) 100vw, 2560px\" \/>\t\t\t\t\t\t\n\t\t\t\t\t<\/div>\n\t\t\t\t\t\t\t\t\n<style>\n#image_1905487530 {\n  width: 100%;\n}\n<\/style>\n\t<\/div>\n\t\n     <\/div>\n\n     <div class=\"loading-spin dark large centered\"><\/div>\n\n     \t<\/div>\n\n\n\t\t<\/div>\n\t\t\t\t\t<\/div>\n\n\t\n<\/div>\n\t<div id=\"gap-1234874997\" class=\"gap-element clearfix\" style=\"display:block; height:auto;\">\n\t\t\n<style>\n#gap-1234874997 {\n  padding-top: 30px;\n}\n<\/style>\n\t<\/div>\n\t\n\t\t<\/div>\n\t\t\t\t\t<\/div>\n\n\t\n<\/div>\n<div class=\"row\"  id=\"row-798673916\">\n\n\t<div id=\"col-57028705\" class=\"col small-12 large-12\"  >\n\t\t\t\t<div class=\"col-inner\"  >\n\t\t\t\n\t\t\t\n<div class=\"row\"  id=\"row-23577962\">\n\n\t<div id=\"col-1352327527\" class=\"col medium-5 small-12 large-5\"  >\n\t\t\t\t<div class=\"col-inner\"  >\n\t\t\t\n\t\t\t\n\n  <div class=\"banner has-hover\" id=\"banner-1429006114\">\n          <div class=\"banner-inner fill\">\n        <div class=\"banner-bg fill\" >\n            <div class=\"bg fill bg-fill \"><\/div>\n                        <div class=\"overlay\"><\/div>            \n                    <\/div>\n        <div class=\"banner-layers container\">\n            <div class=\"fill banner-link\"><\/div>            \n   <div id=\"text-box-1852663004\" class=\"text-box banner-layer x5 md-x5 lg-x5 y50 md-y50 lg-y50 res-text\">\n                                <div class=\"text-box-content text dark\">\n              \n              <div class=\"text-inner text-left\">\n                  \n<h4 class=\"uppercase\"><strong>NG\u00c0NH K\u1ef8 THU\u1eacT PH\u1ea6N M\u1ec0M<\/strong><\/h4>\n<h4>M\u00c3 S\u1ed0: <strong>7480103<\/strong><\/h4>\n<div class=\"txt\" style=\"text-align: left;\"><strong>K\u1ef9 thu\u1eadt ph\u1ea7n m\u1ec1m<\/strong><\/div>\n<div class=\"txt\" style=\"text-align: left;\">\u2022 C\u00e1c chuy\u00ean ng\u00e0nh:<\/div>\n<div class=\"txt\" style=\"text-align: left;\">+ Chuy\u00ean ng\u00e0nh 1: C\u00f4ng ngh\u1ec7 k\u1ef9 thu\u1eadt ph\u1ea7n m\u1ec1m<\/div>\n<div class=\"txt\" style=\"text-align: left;\">+ Chuy\u00ean ng\u00e0nh 2: Th\u1ef1c t\u1ebf \u1ea3o v\u00e0 l\u1eadp tr\u00ecnh Games<\/div>\n<a href=\"https:\/\/cntt.ntt.edu.vn\/dao-tao\/dai-hoc\/nganh-ky-thuat-phan-mem\/\" target=\"_self\" class=\"button white is-outline expand\"  >\n    <span>Xem TH\u00caM<\/span>\n  <\/a>\n\n              <\/div>\n           <\/div>\n                            \n<style>\n#text-box-1852663004 {\n  width: 60%;\n}\n#text-box-1852663004 .text-box-content {\n  font-size: 180%;\n}\n@media (min-width:550px) {\n  #text-box-1852663004 {\n    width: 89%;\n  }\n}\n<\/style>\n    <\/div>\n \n        <\/div>\n      <\/div>\n\n            \n<style>\n#banner-1429006114 {\n  padding-top: 457px;\n  background-color: #b39741;\n}\n#banner-1429006114 .overlay {\n  background-color: rgba(0, 0, 0, 0.31);\n}\n<\/style>\n  <\/div>\n\n\n\t\t<\/div>\n\t\t\t\t\t<\/div>\n\n\t\n\n\t<div id=\"col-1295514916\" class=\"col medium-7 small-12 large-7\"  >\n\t\t\t\t<div class=\"col-inner\"  >\n\t\t\t\n\t\t\t\n<div class=\"slider-wrapper relative\" id=\"slider-1805732695\" >\n    <div class=\"slider slider-nav-circle slider-nav-large slider-nav-light slider-style-normal\"\n        data-flickity-options='{\n            \"cellAlign\": \"center\",\n            \"imagesLoaded\": true,\n            \"lazyLoad\": 1,\n            \"freeScroll\": false,\n            \"wrapAround\": true,\n            \"autoPlay\": 6000,\n            \"pauseAutoPlayOnHover\" : true,\n            \"prevNextButtons\": true,\n            \"contain\" : true,\n            \"adaptiveHeight\" : true,\n            \"dragThreshold\" : 10,\n            \"percentPosition\": true,\n            \"pageDots\": true,\n            \"rightToLeft\": false,\n            \"draggable\": true,\n            \"selectedAttraction\": 0.1,\n            \"parallax\" : 0,\n            \"friction\": 0.6        }'\n        >\n        \n\t<div class=\"img has-hover x md-x lg-x y md-y lg-y\" id=\"image_438452895\">\n\t\t\t\t\t\t\t\t<div class=\"img-inner image-cover dark\" style=\"padding-top:454px;\">\n\t\t\t<img loading=\"lazy\" decoding=\"async\" width=\"900\" height=\"560\" src=\"https:\/\/cntt.ntt.edu.vn\/wp-content\/uploads\/2025\/01\/m.jpg\" class=\"attachment-large size-large\" alt=\"\" srcset=\"https:\/\/cntt.ntt.edu.vn\/wp-content\/uploads\/2025\/01\/m.jpg 900w, https:\/\/cntt.ntt.edu.vn\/wp-content\/uploads\/2025\/01\/m-500x311.jpg 500w, https:\/\/cntt.ntt.edu.vn\/wp-content\/uploads\/2025\/01\/m-768x478.jpg 768w\" sizes=\"auto, (max-width: 900px) 100vw, 900px\" \/>\t\t\t\t\t\t\n\t\t\t\t\t<\/div>\n\t\t\t\t\t\t\t\t\n<style>\n#image_438452895 {\n  width: 100%;\n}\n<\/style>\n\t<\/div>\n\t\n     <\/div>\n\n     <div class=\"loading-spin dark large centered\"><\/div>\n\n     \t<\/div>\n\n\n\t\t<\/div>\n\t\t\t\t\t<\/div>\n\n\t\n<\/div>\n\t<div id=\"gap-551848408\" class=\"gap-element clearfix\" style=\"display:block; height:auto;\">\n\t\t\n<style>\n#gap-551848408 {\n  padding-top: 30px;\n}\n<\/style>\n\t<\/div>\n\t\n\t\t<\/div>\n\t\t\t\t\t<\/div>\n\n\t\n<\/div>\n<div class=\"row\"  id=\"row-1683959614\">\n\n\t<div id=\"col-1757228510\" class=\"col small-12 large-12\"  >\n\t\t\t\t<div class=\"col-inner\"  >\n\t\t\t\n\t\t\t\n<div class=\"row\"  id=\"row-947317016\">\n\n\t<div id=\"col-2129966868\" class=\"col medium-5 small-12 large-5\"  >\n\t\t\t\t<div class=\"col-inner\"  >\n\t\t\t\n\t\t\t\n\n  <div class=\"banner has-hover\" id=\"banner-1747097776\">\n          <div class=\"banner-inner fill\">\n        <div class=\"banner-bg fill\" >\n            <div class=\"bg fill bg-fill \"><\/div>\n                        <div class=\"overlay\"><\/div>            \n                    <\/div>\n        <div class=\"banner-layers container\">\n            <div class=\"fill banner-link\"><\/div>            \n   <div id=\"text-box-1322738784\" class=\"text-box banner-layer x5 md-x5 lg-x5 y50 md-y50 lg-y50 res-text\">\n                                <div class=\"text-box-content text dark\">\n              \n              <div class=\"text-inner text-left\">\n                  \n<h4 class=\"uppercase\"><strong>NG\u00c0NH KHOA H\u1eccC M\u00c1Y T\u00cdNH<\/strong><\/h4>\n<h4>M\u00c3 S\u1ed0: <strong>7480101<\/strong><\/h4>\n<div class=\"txt\" style=\"text-align: left;\"><strong>Khoa h\u1ecdc d\u1eef li\u1ec7u<\/strong><\/div>\n<div class=\"txt\" style=\"text-align: left;\">\u2022 C\u00e1c chuy\u00ean ng\u00e0nh:<\/div>\n<div class=\"txt\" style=\"text-align: left;\">+ Chuy\u00ean ng\u00e0nh 1: Khoa h\u1ecdc d\u1eef li\u1ec7u<\/div>\n<div class=\"txt\" style=\"text-align: left;\">+ Chuy\u00ean ng\u00e0nh 2: H\u1ec7 th\u1ed1ng m\u00e1y t\u00ednh<\/div>\n<div class=\"txt\" style=\"text-align: left;\">\u00a0<\/div>\n<a href=\"https:\/\/cntt.ntt.edu.vn\/dao-tao\/dai-hoc\/nganh-khoa-hoc-may-tinh\/\" target=\"_self\" class=\"button white is-outline expand\"  >\n    <span>Xem TH\u00caM<\/span>\n  <\/a>\n\n              <\/div>\n           <\/div>\n                            \n<style>\n#text-box-1322738784 {\n  width: 60%;\n}\n#text-box-1322738784 .text-box-content {\n  font-size: 180%;\n}\n@media (min-width:550px) {\n  #text-box-1322738784 {\n    width: 89%;\n  }\n}\n<\/style>\n    <\/div>\n \n        <\/div>\n      <\/div>\n\n            \n<style>\n#banner-1747097776 {\n  padding-top: 457px;\n  background-color: rgb(2, 163, 132);\n}\n#banner-1747097776 .overlay {\n  background-color: rgba(0, 0, 0, 0.31);\n}\n<\/style>\n  <\/div>\n\n\n\t\t<\/div>\n\t\t\t\t\t<\/div>\n\n\t\n\n\t<div id=\"col-478457274\" class=\"col medium-7 small-12 large-7\"  >\n\t\t\t\t<div class=\"col-inner\"  >\n\t\t\t\n\t\t\t\n<div class=\"slider-wrapper relative\" id=\"slider-1572175213\" >\n    <div class=\"slider slider-nav-circle slider-nav-large slider-nav-light slider-style-normal\"\n        data-flickity-options='{\n            \"cellAlign\": \"center\",\n            \"imagesLoaded\": true,\n            \"lazyLoad\": 1,\n            \"freeScroll\": false,\n            \"wrapAround\": true,\n            \"autoPlay\": 6000,\n            \"pauseAutoPlayOnHover\" : true,\n            \"prevNextButtons\": true,\n            \"contain\" : true,\n            \"adaptiveHeight\" : true,\n            \"dragThreshold\" : 10,\n            \"percentPosition\": true,\n            \"pageDots\": true,\n            \"rightToLeft\": false,\n            \"draggable\": true,\n            \"selectedAttraction\": 0.1,\n            \"parallax\" : 0,\n            \"friction\": 0.6        }'\n        >\n        \n\t<div class=\"img has-hover x md-x lg-x y md-y lg-y\" id=\"image_1937492928\">\n\t\t\t\t\t\t\t\t<div class=\"img-inner image-cover dark\" style=\"padding-top:454px;\">\n\t\t\t<img loading=\"lazy\" decoding=\"async\" width=\"1920\" height=\"1080\" src=\"https:\/\/cntt.ntt.edu.vn\/wp-content\/uploads\/2026\/03\/MG_2929.jpg\" class=\"attachment-large size-large\" alt=\"\" srcset=\"https:\/\/cntt.ntt.edu.vn\/wp-content\/uploads\/2026\/03\/MG_2929.jpg 1920w, https:\/\/cntt.ntt.edu.vn\/wp-content\/uploads\/2026\/03\/MG_2929-500x281.jpg 500w, https:\/\/cntt.ntt.edu.vn\/wp-content\/uploads\/2026\/03\/MG_2929-768x432.jpg 768w, https:\/\/cntt.ntt.edu.vn\/wp-content\/uploads\/2026\/03\/MG_2929-1536x864.jpg 1536w\" sizes=\"auto, (max-width: 1920px) 100vw, 1920px\" \/>\t\t\t\t\t\t\n\t\t\t\t\t<\/div>\n\t\t\t\t\t\t\t\t\n<style>\n#image_1937492928 {\n  width: 100%;\n}\n<\/style>\n\t<\/div>\n\t\n     <\/div>\n\n     <div class=\"loading-spin dark large centered\"><\/div>\n\n     \t<\/div>\n\n\n\t\t<\/div>\n\t\t\t\t\t<\/div>\n\n\t\n<\/div>\n\t<div id=\"gap-1668406110\" class=\"gap-element clearfix\" style=\"display:block; height:auto;\">\n\t\t\n<style>\n#gap-1668406110 {\n  padding-top: 30px;\n}\n<\/style>\n\t<\/div>\n\t\n\t\t<\/div>\n\t\t\t\t\t<\/div>\n\n\t\n<\/div>\n<div class=\"row\"  id=\"row-536353971\">\n\n\t<div id=\"col-1290657339\" class=\"col small-12 large-12\"  >\n\t\t\t\t<div class=\"col-inner\"  >\n\t\t\t\n\t\t\t\n<div class=\"row\"  id=\"row-1127496354\">\n\n\t<div id=\"col-898908660\" class=\"col medium-5 small-12 large-5\"  >\n\t\t\t\t<div class=\"col-inner\"  >\n\t\t\t\n\t\t\t\n\n  <div class=\"banner has-hover\" id=\"banner-1451358705\">\n          <div class=\"banner-inner fill\">\n        <div class=\"banner-bg fill\" >\n            <div class=\"bg fill bg-fill \"><\/div>\n                        <div class=\"overlay\"><\/div>            \n                    <\/div>\n        <div class=\"banner-layers container\">\n            <div class=\"fill banner-link\"><\/div>            \n   <div id=\"text-box-1028261996\" class=\"text-box banner-layer x5 md-x5 lg-x5 y50 md-y50 lg-y50 res-text\">\n                                <div class=\"text-box-content text dark\">\n              \n              <div class=\"text-inner text-left\">\n                  \n<h4 class=\"uppercase\"><strong>NG\u00c0NH TR\u00cd TU\u1ec6 NH\u00c2N T\u1ea0O<\/strong><\/h4>\n<h4>M\u00c3 S\u1ed0: <strong>7480107<\/strong><\/h4>\n<div class=\"txt\" style=\"text-align: left;\"><strong>Tr\u00ed tu\u1ec7 nh\u00e2n t\u1ea1o<\/strong><\/div>\n<div class=\"txt\" style=\"text-align: left;\">\u2022 C\u00e1c chuy\u00ean ng\u00e0nh:<\/div>\n<div class=\"txt\" style=\"text-align: left;\">+ Chuy\u00ean ng\u00e0nh 1: C\u00f4ng ngh\u1ec7 Tr\u00ed tu\u1ec7 nh\u00e2n t\u1ea1o<\/div>\n<div class=\"txt\" style=\"text-align: left;\">+ Chuy\u00ean ng\u00e0nh 2: Th\u1ecb gi\u00e1c m\u00e1y t\u00ednh<\/div>\n<a href=\"https:\/\/cntt.ntt.edu.vn\/dao-tao\/dai-hoc\/nganh-tri-tue-nhan-tao\/\" target=\"_self\" class=\"button white is-outline expand\"  >\n    <span>Xem TH\u00caM<\/span>\n  <\/a>\n\n              <\/div>\n           <\/div>\n                            \n<style>\n#text-box-1028261996 {\n  width: 60%;\n}\n#text-box-1028261996 .text-box-content {\n  font-size: 180%;\n}\n@media (min-width:550px) {\n  #text-box-1028261996 {\n    width: 89%;\n  }\n}\n<\/style>\n    <\/div>\n \n        <\/div>\n      <\/div>\n\n            \n<style>\n#banner-1451358705 {\n  padding-top: 457px;\n  background-color: rgb(253, 98, 0);\n}\n#banner-1451358705 .overlay {\n  background-color: rgba(0, 0, 0, 0.31);\n}\n<\/style>\n  <\/div>\n\n\n\t\t<\/div>\n\t\t\t\t\t<\/div>\n\n\t\n\n\t<div id=\"col-1511653233\" class=\"col medium-7 small-12 large-7\"  >\n\t\t\t\t<div class=\"col-inner\"  >\n\t\t\t\n\t\t\t\n<div class=\"slider-wrapper relative\" id=\"slider-460365619\" >\n    <div class=\"slider slider-nav-circle slider-nav-large slider-nav-light slider-style-normal\"\n        data-flickity-options='{\n            \"cellAlign\": \"center\",\n            \"imagesLoaded\": true,\n            \"lazyLoad\": 1,\n            \"freeScroll\": false,\n            \"wrapAround\": true,\n            \"autoPlay\": 6000,\n            \"pauseAutoPlayOnHover\" : true,\n            \"prevNextButtons\": true,\n            \"contain\" : true,\n            \"adaptiveHeight\" : true,\n            \"dragThreshold\" : 10,\n            \"percentPosition\": true,\n            \"pageDots\": true,\n            \"rightToLeft\": false,\n            \"draggable\": true,\n            \"selectedAttraction\": 0.1,\n            \"parallax\" : 0,\n            \"friction\": 0.6        }'\n        >\n        \n\t<div class=\"img has-hover x md-x lg-x y md-y lg-y\" id=\"image_570621942\">\n\t\t\t\t\t\t\t\t<div class=\"img-inner image-cover dark\" style=\"padding-top:454px;\">\n\t\t\t<img loading=\"lazy\" decoding=\"async\" width=\"900\" height=\"560\" src=\"https:\/\/cntt.ntt.edu.vn\/wp-content\/uploads\/2025\/01\/kh.jpg\" class=\"attachment-large size-large\" alt=\"\" srcset=\"https:\/\/cntt.ntt.edu.vn\/wp-content\/uploads\/2025\/01\/kh.jpg 900w, https:\/\/cntt.ntt.edu.vn\/wp-content\/uploads\/2025\/01\/kh-500x311.jpg 500w, https:\/\/cntt.ntt.edu.vn\/wp-content\/uploads\/2025\/01\/kh-768x478.jpg 768w\" sizes=\"auto, (max-width: 900px) 100vw, 900px\" \/>\t\t\t\t\t\t\n\t\t\t\t\t<\/div>\n\t\t\t\t\t\t\t\t\n<style>\n#image_570621942 {\n  width: 100%;\n}\n<\/style>\n\t<\/div>\n\t\n     <\/div>\n\n     <div class=\"loading-spin dark large centered\"><\/div>\n\n     \t<\/div>\n\n\n\t\t<\/div>\n\t\t\t\t\t<\/div>\n\n\t\n<\/div>\n\t<div id=\"gap-162751994\" class=\"gap-element clearfix\" style=\"display:block; height:auto;\">\n\t\t\n<style>\n#gap-162751994 {\n  padding-top: 30px;\n}\n<\/style>\n\t<\/div>\n\t\n\t\t<\/div>\n\t\t\t\t\t<\/div>\n\n\t\n<\/div>\n<div class=\"row\"  id=\"row-650620872\">\n\n\t<div id=\"col-152723492\" class=\"col small-12 large-12\"  >\n\t\t\t\t<div class=\"col-inner\"  >\n\t\t\t\n\t\t\t\n<div class=\"row\"  id=\"row-705263319\">\n\n\t<div id=\"col-731597772\" class=\"col medium-5 small-12 large-5\"  >\n\t\t\t\t<div class=\"col-inner\"  >\n\t\t\t\n\t\t\t\n\n  <div class=\"banner has-hover\" id=\"banner-1987783400\">\n          <div class=\"banner-inner fill\">\n        <div class=\"banner-bg fill\" >\n            <div class=\"bg fill bg-fill \"><\/div>\n                        <div class=\"overlay\"><\/div>            \n                    <\/div>\n        <div class=\"banner-layers container\">\n            <div class=\"fill banner-link\"><\/div>            \n   <div id=\"text-box-443950865\" class=\"text-box banner-layer x5 md-x5 lg-x5 y50 md-y50 lg-y50 res-text\">\n                                <div class=\"text-box-content text dark\">\n              \n              <div class=\"text-inner text-left\">\n                  \n<h4 class=\"uppercase\"><strong>NG\u00c0NH M\u1ea0NG M\u00c1Y T\u00cdNH V\u00c0 TRUY\u1ec0N TH\u00d4NG D\u1eee LI\u1ec6U<\/strong><\/h4>\n<h4>M\u00c3 S\u1ed0: <strong>7480102<\/strong><\/h4>\n<div class=\"txt\" style=\"text-align: left;\"><strong>Tr\u00ed tu\u1ec7 nh\u00e2n t\u1ea1o<\/strong><\/div>\n<div class=\"txt\" style=\"text-align: left;\">\u2022 C\u00e1c chuy\u00ean ng\u00e0nh:<\/div>\n<div class=\"txt\" style=\"text-align: left;\">+ Chuy\u00ean ng\u00e0nh 1: C\u00f4ng ngh\u1ec7 K\u1ef9 thu\u1eadt m\u1ea1ng<\/div>\n<div class=\"txt\" style=\"text-align: left;\">+ Chuy\u00ean ng\u00e0nh 2: An ninh kh\u00f4ng gian m\u1ea1ng<\/div>\n<a href=\"https:\/\/cntt.ntt.edu.vn\/dao-tao\/dai-hoc\/nganh-mang-may-tinh-va-truyen-thong-du-lieu\/\" target=\"_self\" class=\"button white is-outline expand\"  >\n    <span>Xem TH\u00caM<\/span>\n  <\/a>\n\n              <\/div>\n           <\/div>\n                            \n<style>\n#text-box-443950865 {\n  width: 60%;\n}\n#text-box-443950865 .text-box-content {\n  font-size: 180%;\n}\n@media (min-width:550px) {\n  #text-box-443950865 {\n    width: 89%;\n  }\n}\n<\/style>\n    <\/div>\n \n        <\/div>\n      <\/div>\n\n            \n<style>\n#banner-1987783400 {\n  padding-top: 457px;\n  background-color: rgb(253, 0, 166);\n}\n#banner-1987783400 .overlay {\n  background-color: rgba(0, 0, 0, 0.31);\n}\n<\/style>\n  <\/div>\n\n\n\t\t<\/div>\n\t\t\t\t\t<\/div>\n\n\t\n\n\t<div id=\"col-1656017419\" class=\"col medium-7 small-12 large-7\"  >\n\t\t\t\t<div class=\"col-inner\"  >\n\t\t\t\n\t\t\t\n<div class=\"slider-wrapper relative\" id=\"slider-13566986\" >\n    <div class=\"slider slider-nav-circle slider-nav-large slider-nav-light slider-style-normal\"\n        data-flickity-options='{\n            \"cellAlign\": \"center\",\n            \"imagesLoaded\": true,\n            \"lazyLoad\": 1,\n            \"freeScroll\": false,\n            \"wrapAround\": true,\n            \"autoPlay\": 6000,\n            \"pauseAutoPlayOnHover\" : true,\n            \"prevNextButtons\": true,\n            \"contain\" : true,\n            \"adaptiveHeight\" : true,\n            \"dragThreshold\" : 10,\n            \"percentPosition\": true,\n            \"pageDots\": true,\n            \"rightToLeft\": false,\n            \"draggable\": true,\n            \"selectedAttraction\": 0.1,\n            \"parallax\" : 0,\n            \"friction\": 0.6        }'\n        >\n        \n\t<div class=\"img has-hover x md-x lg-x y md-y lg-y\" id=\"image_450333875\">\n\t\t\t\t\t\t\t\t<div class=\"img-inner image-cover dark\" style=\"padding-top:454px;\">\n\t\t\t<img loading=\"lazy\" decoding=\"async\" width=\"1920\" height=\"1080\" src=\"https:\/\/cntt.ntt.edu.vn\/wp-content\/uploads\/2026\/03\/MG_2926.jpg\" class=\"attachment-large size-large\" alt=\"\" srcset=\"https:\/\/cntt.ntt.edu.vn\/wp-content\/uploads\/2026\/03\/MG_2926.jpg 1920w, https:\/\/cntt.ntt.edu.vn\/wp-content\/uploads\/2026\/03\/MG_2926-500x281.jpg 500w, https:\/\/cntt.ntt.edu.vn\/wp-content\/uploads\/2026\/03\/MG_2926-768x432.jpg 768w, https:\/\/cntt.ntt.edu.vn\/wp-content\/uploads\/2026\/03\/MG_2926-1536x864.jpg 1536w\" sizes=\"auto, (max-width: 1920px) 100vw, 1920px\" \/>\t\t\t\t\t\t\n\t\t\t\t\t<\/div>\n\t\t\t\t\t\t\t\t\n<style>\n#image_450333875 {\n  width: 100%;\n}\n<\/style>\n\t<\/div>\n\t\n     <\/div>\n\n     <div class=\"loading-spin dark large centered\"><\/div>\n\n     \t<\/div>\n\n\n\t\t<\/div>\n\t\t\t\t\t<\/div>\n\n\t\n<\/div>\n\t<div id=\"gap-1247781778\" class=\"gap-element clearfix\" style=\"display:block; height:auto;\">\n\t\t\n<style>\n#gap-1247781778 {\n  padding-top: 30px;\n}\n<\/style>\n\t<\/div>\n\t\n\t\t<\/div>\n\t\t\t\t\t<\/div>\n\n\t\n<\/div>\n","protected":false},"excerpt":{"rendered":"[wbc_image id=&#8221;10766&#8243; id_mobile=&#8221;14014&#8243; image_size=&#8221;original&#8221;]\n","protected":false},"author":23,"featured_media":0,"parent":2061,"menu_order":0,"comment_status":"closed","ping_status":"closed","template":"page-blank.php","meta":{"footnotes":""},"class_list":["post-11089","page","type-page","status-publish","hentry"],"_links":{"self":[{"href":"https:\/\/cntt.ntt.edu.vn\/en\/wp-json\/wp\/v2\/pages\/11089","targetHints":{"allow":["GET"]}}],"collection":[{"href":"https:\/\/cntt.ntt.edu.vn\/en\/wp-json\/wp\/v2\/pages"}],"about":[{"href":"https:\/\/cntt.ntt.edu.vn\/en\/wp-json\/wp\/v2\/types\/page"}],"author":[{"embeddable":true,"href":"https:\/\/cntt.ntt.edu.vn\/en\/wp-json\/wp\/v2\/users\/23"}],"replies":[{"embeddable":true,"href":"https:\/\/cntt.ntt.edu.vn\/en\/wp-json\/wp\/v2\/comments?post=11089"}],"version-history":[{"count":7,"href":"https:\/\/cntt.ntt.edu.vn\/en\/wp-json\/wp\/v2\/pages\/11089\/revisions"}],"predecessor-version":[{"id":16411,"href":"https:\/\/cntt.ntt.edu.vn\/en\/wp-json\/wp\/v2\/pages\/11089\/revisions\/16411"}],"up":[{"embeddable":true,"href":"https:\/\/cntt.ntt.edu.vn\/en\/wp-json\/wp\/v2\/pages\/2061"}],"wp:attachment":[{"href":"https:\/\/cntt.ntt.edu.vn\/en\/wp-json\/wp\/v2\/media?parent=11089"}],"curies":[{"name":"wp","href":"https:\/\/api.w.org\/{rel}","templated":true}]}}